{"id":13275,"date":"2023-09-26T20:53:44","date_gmt":"2023-09-26T20:53:44","guid":{"rendered":"https:\/\/visorti-group.com\/?page_id=13275"},"modified":"2023-10-04T13:48:49","modified_gmt":"2023-10-04T13:48:49","slug":"waterproofing-works","status":"publish","type":"page","link":"https:\/\/visorti-group.com\/cs\/waterproofing-works\/","title":{"rendered":"Hydroizola\u010dn\u00ed pr\u00e1ce"},"content":{"rendered":"<div data-elementor-type=\"wp-page\" data-elementor-id=\"13275\" class=\"elementor elementor-13275\">\n\t\t\t\t\t\t\t<div class=\"elementor-element elementor-element-664c991e e-flex e-con-boxed e-con e-parent\" data-id=\"664c991e\" data-element_type=\"container\" data-settings=\"{&quot;content_width&quot;:&quot;boxed&quot;}\" data-core-v316-plus=\"true\">\n\t\t\t\t\t<div class=\"e-con-inner\">\n\t\t\t\t<div class=\"elementor-element elementor-element-4a51205 elementor-widget elementor-widget-text-editor\" data-id=\"4a51205\" data-element_type=\"widget\" data-widget_type=\"text-editor.default\">\n\t\t\t\t<div class=\"elementor-widget-container\">\n\t\t\t<style>\/*! elementor - v3.16.0 - 20-09-2023 *\/\n.elementor-widget-text-editor.elementor-drop-cap-view-stacked .elementor-drop-cap{background-color:#69727d;color:#fff}.elementor-widget-text-editor.elementor-drop-cap-view-framed .elementor-drop-cap{color:#69727d;border:3px solid;background-color:transparent}.elementor-widget-text-editor:not(.elementor-drop-cap-view-default) .elementor-drop-cap{margin-top:8px}.elementor-widget-text-editor:not(.elementor-drop-cap-view-default) .elementor-drop-cap-letter{width:1em;height:1em}.elementor-widget-text-editor .elementor-drop-cap{float:left;text-align:center;line-height:1;font-size:50px}.elementor-widget-text-editor .elementor-drop-cap-letter{display:inline-block}<\/style>\t\t\t\t<p><!-- wp:image {\"align\":\"wide\",\"id\":11627,\"sizeSlug\":\"large\",\"linkDestination\":\"none\",\"className\":\"is-style-default\"} --><\/p>\n<figure class=\"wp-block-image alignwide size-large is-style-default\"><\/figure>\n<h3><strong><img loading=\"lazy\" decoding=\"async\" class=\"aligncenter wp-image-13623 size-full\" src=\"https:\/\/visorti-group.com\/wp-content\/uploads\/2023\/10\/IMG_3048_correct_3-scaled.jpg\" alt=\"\" width=\"2560\" height=\"877\" srcset=\"https:\/\/visorti-group.com\/wp-content\/uploads\/2023\/10\/IMG_3048_correct_3-scaled.jpg 2560w, https:\/\/visorti-group.com\/wp-content\/uploads\/2023\/10\/IMG_3048_correct_3-300x103.jpg 300w, https:\/\/visorti-group.com\/wp-content\/uploads\/2023\/10\/IMG_3048_correct_3-1024x351.jpg 1024w, https:\/\/visorti-group.com\/wp-content\/uploads\/2023\/10\/IMG_3048_correct_3-768x263.jpg 768w, https:\/\/visorti-group.com\/wp-content\/uploads\/2023\/10\/IMG_3048_correct_3-1536x526.jpg 1536w, https:\/\/visorti-group.com\/wp-content\/uploads\/2023\/10\/IMG_3048_correct_3-2048x701.jpg 2048w, https:\/\/visorti-group.com\/wp-content\/uploads\/2023\/10\/IMG_3048_correct_3-18x6.jpg 18w, https:\/\/visorti-group.com\/wp-content\/uploads\/2023\/10\/IMG_3048_correct_3-600x205.jpg 600w\" sizes=\"(max-width: 2560px) 100vw, 2560px\" \/><\/strong><\/h3>\n<h4><strong>Hydroizola\u010dn\u00ed pr\u00e1ce: Ochrana va\u0161eho majetku p\u0159ed po\u0161kozen\u00edm vodou<\/strong><\/h4>\n<p><!-- \/wp:paragraph --><!-- wp:paragraph --><\/p>\n<p>Ve Visorti Group se specializujeme na hydroizola\u010dn\u00ed \u0159e\u0161en\u00ed, kter\u00e1 chr\u00e1n\u00ed v\u00e1\u0161 majetek p\u0159ed pronik\u00e1n\u00edm vody, probl\u00e9my souvisej\u00edc\u00edmi s vlhkost\u00ed a potenci\u00e1ln\u00edm po\u0161kozen\u00edm konstrukce. Na\u0161e komplexn\u00ed hydroizola\u010dn\u00ed slu\u017eby jsou p\u0159izp\u016fsobeny tak, aby vyhovovaly jedine\u010dn\u00fdm pot\u0159eb\u00e1m r\u016fzn\u00fdch konstrukc\u00ed a zajistily jejich dlouhou \u017eivotnost a odolnost v\u016f\u010di v\u00fdzv\u00e1m souvisej\u00edc\u00edm s vodou.<\/p>\n<p><!-- \/wp:paragraph --><!-- wp:paragraph --><\/p>\n<h4><strong>Pro\u010d na hydroizolaci z\u00e1le\u017e\u00ed<\/strong><\/h4>\n<p><!-- \/wp:paragraph --><!-- wp:paragraph --><\/p>\n<p>\u0160kody zp\u016fsoben\u00e9 vodou jsou b\u011b\u017en\u00fdm a \u010dasto n\u00e1kladn\u00fdm probl\u00e9mem, kter\u00fd m\u016f\u017ee ovlivnit jak reziden\u010dn\u00ed, tak komer\u010dn\u00ed nemovitosti. Hydroizolace je nezbytn\u00e1 z n\u011bkolika d\u016fvod\u016f:<\/p>\n<p><!-- \/wp:paragraph --><!-- wp:list --><\/p>\n<ul>\n<li style=\"list-style-type: none;\">\n<ul><!-- wp:list-item --><\/ul>\n<\/li>\n<\/ul>\n<ul>\n<li style=\"list-style-type: none;\">\n<ul>\n<li><strong>Struktur\u00e1ln\u00ed integrita<\/strong>: Infiltrace vody m\u016f\u017ee \u010dasem oslabit konstruk\u010dn\u00ed sou\u010d\u00e1sti budovy.<\/li>\n<\/ul>\n<\/li>\n<\/ul>\n<p><!-- \/wp:list-item --><!-- wp:list-item --><\/p>\n<ul>\n<li style=\"list-style-type: none;\">\n<ul>\n<li><strong>Zdrav\u00ed a bezpe\u010dnost<\/strong>: Vlhk\u00e9 nebo vodou po\u0161kozen\u00e9 oblasti mohou v\u00e9st k r\u016fstu pl\u00edsn\u00ed, co\u017e p\u0159edstavuje zdravotn\u00ed rizika.<\/li>\n<\/ul>\n<\/li>\n<\/ul>\n<p><!-- \/wp:list-item --><!-- wp:list-item --><\/p>\n<ul>\n<li style=\"list-style-type: none;\">\n<ul>\n<li><strong>Hodnota majetku<\/strong>: Dob\u0159e udr\u017eovan\u00e1, vodot\u011bsn\u00e1 nemovitost si zachov\u00e1v\u00e1 svou hodnotu a je p\u0159ita\u017eliv\u011bj\u0161\u00ed pro kupuj\u00edc\u00ed a n\u00e1jemce.<\/li>\n<\/ul>\n<\/li>\n<li style=\"list-style-type: none;\">\u00a0\n<ul>\n<li><strong>Energetick\u00e1 \u00fa\u010dinnost<\/strong>: Hydroizolace m\u016f\u017ee zlep\u0161it energetickou \u00fa\u010dinnost t\u00edm, \u017ee zabr\u00e1n\u00ed \u00fanik\u016fm vzduchu a tepeln\u00fdm ztr\u00e1t\u00e1m.<\/li>\n<\/ul>\n<\/li>\n<\/ul>\n<p><!-- \/wp:list-item --><!-- wp:list-item --><\/p>\n<p><!-- \/wp:image --><!-- wp:paragraph --><\/p>\n<p><!-- \/wp:list-item --><\/p>\n<p><!-- \/wp:list --><!-- wp:paragraph --><\/p>\n<h3><strong><img loading=\"lazy\" decoding=\"async\" class=\"aligncenter wp-image-13631 size-full\" src=\"https:\/\/visorti-group.com\/wp-content\/uploads\/2023\/10\/IMG_3048_correct_4-scaled.jpg\" alt=\"\" width=\"2560\" height=\"877\" srcset=\"https:\/\/visorti-group.com\/wp-content\/uploads\/2023\/10\/IMG_3048_correct_4-scaled.jpg 2560w, https:\/\/visorti-group.com\/wp-content\/uploads\/2023\/10\/IMG_3048_correct_4-300x103.jpg 300w, https:\/\/visorti-group.com\/wp-content\/uploads\/2023\/10\/IMG_3048_correct_4-1024x351.jpg 1024w, https:\/\/visorti-group.com\/wp-content\/uploads\/2023\/10\/IMG_3048_correct_4-768x263.jpg 768w, https:\/\/visorti-group.com\/wp-content\/uploads\/2023\/10\/IMG_3048_correct_4-1536x526.jpg 1536w, https:\/\/visorti-group.com\/wp-content\/uploads\/2023\/10\/IMG_3048_correct_4-2048x701.jpg 2048w, https:\/\/visorti-group.com\/wp-content\/uploads\/2023\/10\/IMG_3048_correct_4-18x6.jpg 18w, https:\/\/visorti-group.com\/wp-content\/uploads\/2023\/10\/IMG_3048_correct_4-600x205.jpg 600w\" sizes=\"(max-width: 2560px) 100vw, 2560px\" \/><\/strong><\/h3>\n<h4><strong>Na\u0161e hydroizola\u010dn\u00ed slu\u017eby<\/strong><\/h4>\n<p><!-- \/wp:paragraph --><!-- wp:list {\"ordered\":true} --><\/p>\n<ol>\n<li style=\"list-style-type: none;\">\n<ol><!-- wp:list-item --><\/ol>\n<\/li>\n<\/ol>\n<ol>\n<li style=\"list-style-type: none;\">\n<ul>\n<li><strong>Hydroizolace suter\u00e9nu<\/strong>: Chra\u0148te sv\u016fj sklep p\u0159ed vniknut\u00edm vody, z\u00e1plavami a vlhkost\u00ed s na\u0161imi odborn\u00fdmi \u0159e\u0161en\u00edmi pro hydroizolaci suter\u00e9nu.<\/li>\n<\/ul>\n<\/li>\n<\/ol>\n<p><!-- \/wp:list-item --><!-- wp:list-item --><\/p>\n<ol>\n<li style=\"list-style-type: none;\">\n<ul>\n<li><strong>Hydroizolace st\u0159echy<\/strong>: Zajist\u011bte, aby va\u0161e st\u0159echa z\u016fstala nepropustn\u00e1 a odoln\u00e1 v\u016f\u010di pov\u011btrnostn\u00edm vliv\u016fm pomoc\u00ed na\u0161ich slu\u017eeb hydroizolace st\u0159ech.<\/li>\n<\/ul>\n<\/li>\n<\/ol>\n<p><!-- \/wp:list-item --><!-- wp:list-item --><\/p>\n<ol>\n<li style=\"list-style-type: none;\">\n<ul>\n<li><strong>Hydroizolace venkovn\u00edch st\u011bn<\/strong>: Chra\u0148te vn\u011bj\u0161\u00ed st\u011bny va\u0161eho pozemku p\u0159ed probl\u00e9my souvisej\u00edc\u00edmi s vlhkost\u00ed a udr\u017eujte jejich vzhled a struktur\u00e1ln\u00ed integritu.<\/li>\n<\/ul>\n<\/li>\n<\/ol>\n<p><!-- \/wp:list-item --><!-- wp:list-item --><\/p>\n<ol>\n<li style=\"list-style-type: none;\">\n<ul>\n<li><strong>Hydroizolace z\u00e1klad\u016f<\/strong>: Poskytujeme hydroizolaci z\u00e1klad\u016f, aby se zabr\u00e1nilo prosakov\u00e1n\u00ed vody do z\u00e1klad\u016f va\u0161\u00ed budovy, \u010d\u00edm\u017e se sn\u00ed\u017e\u00ed riziko prasklin a po\u0161kozen\u00ed konstrukce.<\/li>\n<\/ul>\n<\/li>\n<\/ol>\n<p><!-- \/wp:list-item --><!-- wp:list-item --><\/p>\n<ol>\n<li style=\"list-style-type: none;\">\n<ul>\n<li><strong>Hydroizolace Crawl Space<\/strong>: Udr\u017eujte zdrav\u00ed a integritu sv\u00e9ho prol\u00e9zac\u00edho prostoru pomoc\u00ed na\u0161ich hydroizola\u010dn\u00edch slu\u017eeb, kter\u00e9 zabra\u0148uj\u00ed probl\u00e9m\u016fm s vlhkost\u00ed a pl\u00edsn\u011bmi.<\/li>\n<\/ul>\n<\/li>\n<\/ol>\n<p><!-- \/wp:list-item --><\/p>\n<p><!-- \/wp:list --><!-- wp:paragraph --><\/p>\n<h4><strong>V\u00fdhody v\u00fdb\u011bru Visorti Group pro hydroizolaci<\/strong><\/h4>\n<p><!-- \/wp:paragraph --><!-- wp:list --><\/p>\n<ul>\n<li style=\"list-style-type: none;\">\n<ul><!-- wp:list-item --><\/ul>\n<\/li>\n<\/ul>\n<ul>\n<li style=\"list-style-type: none;\">\n<ul>\n<li><strong>Odbornost<\/strong>: N\u00e1\u0161 t\u00fdm odborn\u00edk\u016f na hydroizolaci m\u00e1 znalosti a zku\u0161enosti k \u0159e\u0161en\u00ed \u0161irok\u00e9 \u0161k\u00e1ly probl\u00e9m\u016f s hydroizolac\u00ed.<\/li>\n<\/ul>\n<\/li>\n<\/ul>\n<p><!-- \/wp:list-item --><!-- wp:list-item --><\/p>\n<ul>\n<li style=\"list-style-type: none;\">\n<ul>\n<li><strong>Kvalitn\u00ed materi\u00e1ly<\/strong>: Pro zaji\u0161t\u011bn\u00ed dlouhodob\u00e9 ochrany pou\u017e\u00edv\u00e1me vysoce kvalitn\u00ed hydroizola\u010dn\u00ed materi\u00e1ly a produkty.<\/li>\n<\/ul>\n<\/li>\n<\/ul>\n<p><!-- \/wp:list-item --><!-- wp:list-item --><\/p>\n<ul>\n<li style=\"list-style-type: none;\">\n<ul>\n<li><strong>Vlastn\u00ed \u0159e\u0161en\u00ed<\/strong>: Ka\u017ed\u00e1 nemovitost je jedine\u010dn\u00e1 a na\u0161e hydroizola\u010dn\u00ed \u0159e\u0161en\u00ed p\u0159izp\u016fsobujeme va\u0161im specifick\u00fdm pot\u0159eb\u00e1m.<\/li>\n<\/ul>\n<\/li>\n<\/ul>\n<p><!-- \/wp:list-item --><!-- wp:list-item --><\/p>\n<ul>\n<li style=\"list-style-type: none;\">\n<ul>\n<li><strong>Preventivn\u00ed \u00fadr\u017eba<\/strong>: Nab\u00edz\u00edme preventivn\u00ed hydroizolaci, kter\u00e1 ochr\u00e1n\u00ed v\u00e1\u0161 majetek d\u0159\u00edve, ne\u017e nastanou probl\u00e9my.<\/li>\n<\/ul>\n<\/li>\n<\/ul>\n<p><!-- \/wp:list-item --><\/p>\n<p><!-- \/wp:list --><!-- wp:paragraph --><\/p>\n<h3><img loading=\"lazy\" decoding=\"async\" class=\"aligncenter wp-image-13635 size-full\" src=\"https:\/\/visorti-group.com\/wp-content\/uploads\/2023\/10\/IMG_3048_correct_5-scaled.jpg\" alt=\"\" width=\"2560\" height=\"877\" srcset=\"https:\/\/visorti-group.com\/wp-content\/uploads\/2023\/10\/IMG_3048_correct_5-scaled.jpg 2560w, https:\/\/visorti-group.com\/wp-content\/uploads\/2023\/10\/IMG_3048_correct_5-300x103.jpg 300w, https:\/\/visorti-group.com\/wp-content\/uploads\/2023\/10\/IMG_3048_correct_5-1024x351.jpg 1024w, https:\/\/visorti-group.com\/wp-content\/uploads\/2023\/10\/IMG_3048_correct_5-768x263.jpg 768w, https:\/\/visorti-group.com\/wp-content\/uploads\/2023\/10\/IMG_3048_correct_5-1536x526.jpg 1536w, https:\/\/visorti-group.com\/wp-content\/uploads\/2023\/10\/IMG_3048_correct_5-2048x701.jpg 2048w, https:\/\/visorti-group.com\/wp-content\/uploads\/2023\/10\/IMG_3048_correct_5-18x6.jpg 18w, https:\/\/visorti-group.com\/wp-content\/uploads\/2023\/10\/IMG_3048_correct_5-600x205.jpg 600w\" sizes=\"(max-width: 2560px) 100vw, 2560px\" \/><\/h3>\n<h4><strong>Kontaktujte n\u00e1s pro hydroizola\u010dn\u00ed pr\u00e1ce<\/strong><\/h4>\n<p><!-- \/wp:paragraph --><!-- wp:paragraph --><\/p>\n<p>Jste p\u0159ipraveni chr\u00e1nit sv\u016fj majetek p\u0159ed po\u0161kozen\u00edm vodou a zajistit jeho dlouhodobou \u017eivotnost? Kontaktujte Visorti Group je\u0161t\u011b dnes pro komplexn\u00ed posouzen\u00ed a p\u0159izp\u016fsoben\u00e1 hydroizola\u010dn\u00ed \u0159e\u0161en\u00ed. Jsme odhodl\u00e1ni poskytovat dokonalost a klid, kter\u00e9 hydroizolace poskytuje.<\/p>\n<p><!-- \/wp:paragraph --><!-- wp:paragraph --><\/p>\n<p>Vyberte si Visorti Group pro sv\u00e9 pot\u0159eby v oblasti hydroizolace a za\u017eijte v\u00fdhody such\u00e9, bezpe\u010dn\u00e9 a dob\u0159e udr\u017eovan\u00e9 nemovitosti. Va\u0161e spokojenost a ochrana Va\u0161\u00ed investice jsou na\u0161e nejvy\u0161\u0161\u00ed priority.<\/p>\n<p><!-- \/wp:paragraph --><\/p>\t\t\t\t\t\t<\/div>\n\t\t\t\t<\/div>\n\t\t\t\t\t<\/div>\n\t\t\t\t<\/div>\n\t\t\t\t\t\t\t<\/div>","protected":false},"excerpt":{"rendered":"<p>Ve Visorti Group se specializujeme na hydroizola\u010dn\u00ed \u0159e\u0161en\u00ed, kter\u00e1 chr\u00e1n\u00ed v\u00e1\u0161 majetek p\u0159ed pronik\u00e1n\u00edm vody, probl\u00e9my souvisej\u00edc\u00edmi s vlhkost\u00ed a potenci\u00e1ln\u00edm po\u0161kozen\u00edm konstrukce. Na\u0161e komplexn\u00ed hydroizola\u010dn\u00ed slu\u017eby jsou p\u0159izp\u016fsobeny tak, aby vyhovovaly jedine\u010dn\u00fdm pot\u0159eb\u00e1m r\u016fzn\u00fdch konstrukc\u00ed a zajistily jejich dlouhou \u017eivotnost a odolnost v\u016f\u010di v\u00fdzv\u00e1m souvisej\u00edc\u00edm s vodou. Pro\u010d na hydroizolaci z\u00e1le\u017e\u00ed Po\u0161kozen\u00ed vodou je b\u011b\u017en\u00e9 a\u2026<\/p>","protected":false},"author":1,"featured_media":0,"parent":0,"menu_order":0,"comment_status":"closed","ping_status":"closed","template":"","meta":{"_tbt_post_transparent":"","_tbt_post_title":"","_tbt_post_layout":"","_tbt_post_sidebar_id":"","_tbt_post_content_style":"","_tbt_post_vertical_padding":"","_tbt_post_feature":"","_tbt_post_feature_position":"","_tbt_post_header":false,"_tbt_post_footer":false},"_links":{"self":[{"href":"https:\/\/visorti-group.com\/cs\/wp-json\/wp\/v2\/pages\/13275"}],"collection":[{"href":"https:\/\/visorti-group.com\/cs\/wp-json\/wp\/v2\/pages"}],"about":[{"href":"https:\/\/visorti-group.com\/cs\/wp-json\/wp\/v2\/types\/page"}],"author":[{"embeddable":true,"href":"https:\/\/visorti-group.com\/cs\/wp-json\/wp\/v2\/users\/1"}],"replies":[{"embeddable":true,"href":"https:\/\/visorti-group.com\/cs\/wp-json\/wp\/v2\/comments?post=13275"}],"version-history":[{"count":42,"href":"https:\/\/visorti-group.com\/cs\/wp-json\/wp\/v2\/pages\/13275\/revisions"}],"predecessor-version":[{"id":13736,"href":"https:\/\/visorti-group.com\/cs\/wp-json\/wp\/v2\/pages\/13275\/revisions\/13736"}],"wp:attachment":[{"href":"https:\/\/visorti-group.com\/cs\/wp-json\/wp\/v2\/media?parent=13275"}],"curies":[{"name":"wp","href":"https:\/\/api.w.org\/{rel}","templated":true}]}}