{"id":13281,"date":"2023-09-26T20:59:50","date_gmt":"2023-09-26T20:59:50","guid":{"rendered":"https:\/\/visorti-group.com\/?page_id=13281"},"modified":"2023-10-04T14:19:00","modified_gmt":"2023-10-04T14:19:00","slug":"finishing-of-roofs","status":"publish","type":"page","link":"https:\/\/visorti-group.com\/cs\/finishing-of-roofs\/","title":{"rendered":"Dokon\u010den\u00ed St\u0159ech"},"content":{"rendered":"<div data-elementor-type=\"wp-page\" data-elementor-id=\"13281\" class=\"elementor elementor-13281\">\n\t\t\t\t\t\t\t<div class=\"elementor-element elementor-element-645ce82e e-flex e-con-boxed e-con e-parent\" data-id=\"645ce82e\" data-element_type=\"container\" data-settings=\"{&quot;content_width&quot;:&quot;boxed&quot;}\" data-core-v316-plus=\"true\">\n\t\t\t\t\t<div class=\"e-con-inner\">\n\t\t\t\t<div class=\"elementor-element elementor-element-51f4eac2 elementor-widget elementor-widget-text-editor\" data-id=\"51f4eac2\" data-element_type=\"widget\" data-widget_type=\"text-editor.default\">\n\t\t\t\t<div class=\"elementor-widget-container\">\n\t\t\t<style>\/*! elementor - v3.16.0 - 20-09-2023 *\/\n.elementor-widget-text-editor.elementor-drop-cap-view-stacked .elementor-drop-cap{background-color:#69727d;color:#fff}.elementor-widget-text-editor.elementor-drop-cap-view-framed .elementor-drop-cap{color:#69727d;border:3px solid;background-color:transparent}.elementor-widget-text-editor:not(.elementor-drop-cap-view-default) .elementor-drop-cap{margin-top:8px}.elementor-widget-text-editor:not(.elementor-drop-cap-view-default) .elementor-drop-cap-letter{width:1em;height:1em}.elementor-widget-text-editor .elementor-drop-cap{float:left;text-align:center;line-height:1;font-size:50px}.elementor-widget-text-editor .elementor-drop-cap-letter{display:inline-block}<\/style>\t\t\t\t<!-- wp:image {\"align\":\"wide\",\"id\":13254,\"sizeSlug\":\"large\",\"linkDestination\":\"none\"} -->\n<figure class=\"wp-block-image alignwide size-large\"><img loading=\"lazy\" decoding=\"async\" class=\"aligncenter wp-image-13749 size-full\" src=\"https:\/\/visorti-group.com\/wp-content\/uploads\/2023\/10\/Roof_1.jpg\" alt=\"\" width=\"2300\" height=\"788\" srcset=\"https:\/\/visorti-group.com\/wp-content\/uploads\/2023\/10\/Roof_1.jpg 2300w, https:\/\/visorti-group.com\/wp-content\/uploads\/2023\/10\/Roof_1-300x103.jpg 300w, https:\/\/visorti-group.com\/wp-content\/uploads\/2023\/10\/Roof_1-1024x351.jpg 1024w, https:\/\/visorti-group.com\/wp-content\/uploads\/2023\/10\/Roof_1-768x263.jpg 768w, https:\/\/visorti-group.com\/wp-content\/uploads\/2023\/10\/Roof_1-1536x526.jpg 1536w, https:\/\/visorti-group.com\/wp-content\/uploads\/2023\/10\/Roof_1-2048x702.jpg 2048w, https:\/\/visorti-group.com\/wp-content\/uploads\/2023\/10\/Roof_1-18x6.jpg 18w, https:\/\/visorti-group.com\/wp-content\/uploads\/2023\/10\/Roof_1-600x206.jpg 600w\" sizes=\"(max-width: 2300px) 100vw, 2300px\" \/><\/figure>\n<!-- \/wp:image --><!-- wp:paragraph -->\n<h4><strong>Zvedn\u011bte svou st\u0159echu pomoc\u00ed odborn\u00e9 povrchov\u00e9 \u00fapravy st\u0159ech<\/strong><\/h4>\n<p>\u00a0<\/p>\n<!-- \/wp:paragraph --><!-- wp:paragraph -->\n<p>Ve Visorti Group se specializujeme na kone\u010dnou \u00fapravu st\u0159ech, p\u0159em\u011bnu b\u011b\u017en\u00fdch st\u0159ech na funk\u010dn\u00ed, atraktivn\u00ed prostory s dlouhou \u017eivotnost\u00ed. A\u0165 u\u017e chcete vylep\u0161it estetiku sv\u00e9 st\u0159echy, p\u0159idat ochrann\u00e9 n\u00e1t\u011bry nebo vytvo\u0159it st\u0159e\u0161n\u00ed o\u00e1zu, na\u0161e odborn\u00e9 slu\u017eby v oblasti dokon\u010dovac\u00edch st\u0159ech v\u00e1m pomohou.<\/p>\n<!-- \/wp:paragraph --><!-- wp:paragraph -->\n<h4><strong>Pro\u010d je \u00faprava st\u0159echy d\u016fle\u017eit\u00e1<\/strong><\/h4>\n<p>\u00a0<\/p>\n<!-- \/wp:paragraph --><!-- wp:paragraph -->\n<p>St\u0159echy nejsou jen funk\u010dn\u00ed prvky; mohou tak\u00e9 slou\u017eit jako cenn\u00e9 prostory pro r\u016fzn\u00e9 \u00fa\u010dely. Spr\u00e1vn\u00e1 povrchov\u00e1 \u00faprava st\u0159echy nab\u00edz\u00ed n\u011bkolik v\u00fdhod:<\/p>\n<!-- \/wp:paragraph --><!-- wp:list -->\n<ul><!-- wp:list-item -->\n<li><strong>Ochrana<\/strong>: Povrchov\u00e1 \u00faprava st\u0159echy poskytuje dal\u0161\u00ed vrstvu ochrany proti pov\u011btrnostn\u00edm vliv\u016fm, UV z\u00e1\u0159en\u00ed a po\u0161kozen\u00ed \u017eivotn\u00edho prost\u0159ed\u00ed.<\/li>\n<!-- \/wp:list-item --><!-- wp:list-item -->\n<li><strong>Estetika<\/strong>: Dob\u0159e dokon\u010den\u00e1 st\u0159echa m\u016f\u017ee zlep\u0161it celkov\u00fd vzhled va\u0161\u00ed nemovitosti, zv\u00fd\u0161it p\u0159ita\u017elivost a hodnotu nemovitosti.<\/li>\n<!-- \/wp:list-item --><!-- wp:list-item -->\n<li><strong>Funk\u010dnost<\/strong>: Dokon\u010den\u00ed st\u0159echy m\u016f\u017ee p\u0159em\u011bnit va\u0161i st\u0159echu na vyu\u017eiteln\u00fd prostor pro zahrady, venkovn\u00ed obytn\u00e9 prostory nebo rekrea\u010dn\u00ed aktivity.<\/li>\n<!-- \/wp:list-item --><\/ul>\n<!-- \/wp:list --><!-- wp:paragraph -->\n<h4><strong>Na\u0161e slu\u017eby povrchov\u00e9 \u00fapravy st\u0159ech<\/strong><\/h4>\n<p>\u00a0<\/p>\n<!-- \/wp:paragraph --><!-- wp:list {\"ordered\":true} -->\n<ol><!-- wp:list-item -->\n<li><strong>St\u0159e\u0161n\u00ed n\u00e1t\u011bry<\/strong>: Nab\u00edz\u00edme \u0159adu st\u0159e\u0161n\u00edch n\u00e1t\u011br\u016f, v\u010detn\u011b reflexn\u00edch a vodot\u011bsn\u00fdch n\u00e1t\u011br\u016f, kter\u00e9 zvy\u0161uj\u00ed v\u00fdkon a \u017eivotnost va\u0161\u00ed st\u0159echy.<\/li>\n<!-- \/wp:list-item --><!-- wp:list-item -->\n<li><strong>Syst\u00e9my zelen\u00fdch st\u0159ech<\/strong>: Vytvo\u0159te ekologickou st\u0159e\u0161n\u00ed o\u00e1zu s na\u0161imi syst\u00e9my zelen\u00fdch st\u0159ech. Tyto syst\u00e9my zahrnuj\u00ed vegetaci, poskytuj\u00edc\u00ed izolaci, energetickou \u00fa\u010dinnost a estetickou p\u0159ita\u017elivost.<\/li>\n<!-- \/wp:list-item --><!-- wp:list-item -->\n<li><strong>Dokon\u010den\u00ed teras a teras<\/strong>: Prom\u011b\u0148te svou st\u0159echu na venkovn\u00ed obytn\u00fd prostor s na\u0161imi slu\u017ebami pro \u00fapravu teras a teras. U\u017eijte si panoramatick\u00fd v\u00fdhled, relaxaci a z\u00e1bavu ve velk\u00e9m stylu.<\/li>\n<!-- \/wp:list-item --><!-- wp:list-item -->\n<li><strong>Instalace sol\u00e1rn\u00edch st\u0159ech<\/strong>: Bu\u010fte ekologi\u010dt\u00ed a vyu\u017eijte s\u00edlu slunce s na\u0161imi sol\u00e1rn\u00edmi st\u0159e\u0161n\u00edmi instalacemi. Vytv\u00e1\u0159ejte obnovitelnou energii a z\u00e1rove\u0148 chra\u0148te a vylep\u0161ujte svou st\u0159echu.<\/li>\n<!-- \/wp:list-item --><!-- wp:list-item -->\n<li><strong>Hydroizolace st\u0159echy<\/strong>: Zajist\u011bte, aby va\u0161e st\u0159echa z\u016fstala bez zat\u00e9k\u00e1n\u00ed s na\u0161imi odborn\u00fdmi hydroizola\u010dn\u00edmi \u0159e\u0161en\u00edmi. Chra\u0148te sv\u016fj majetek p\u0159ed vniknut\u00edm vody a po\u0161kozen\u00edm.<\/li>\n<!-- \/wp:list-item --><\/ol>\n<!-- \/wp:list --><!-- wp:paragraph -->\n<h4><img loading=\"lazy\" decoding=\"async\" class=\"aligncenter wp-image-13756 size-full\" src=\"https:\/\/visorti-group.com\/wp-content\/uploads\/2023\/10\/Roof_2.jpg\" alt=\"\" width=\"2300\" height=\"788\" srcset=\"https:\/\/visorti-group.com\/wp-content\/uploads\/2023\/10\/Roof_2.jpg 2300w, https:\/\/visorti-group.com\/wp-content\/uploads\/2023\/10\/Roof_2-300x103.jpg 300w, https:\/\/visorti-group.com\/wp-content\/uploads\/2023\/10\/Roof_2-1024x351.jpg 1024w, https:\/\/visorti-group.com\/wp-content\/uploads\/2023\/10\/Roof_2-768x263.jpg 768w, https:\/\/visorti-group.com\/wp-content\/uploads\/2023\/10\/Roof_2-1536x526.jpg 1536w, https:\/\/visorti-group.com\/wp-content\/uploads\/2023\/10\/Roof_2-2048x702.jpg 2048w, https:\/\/visorti-group.com\/wp-content\/uploads\/2023\/10\/Roof_2-18x6.jpg 18w, https:\/\/visorti-group.com\/wp-content\/uploads\/2023\/10\/Roof_2-600x206.jpg 600w\" sizes=\"(max-width: 2300px) 100vw, 2300px\" \/><\/h4>\n<h4>\u00a0<\/h4>\n<h4><strong>V\u00fdhody v\u00fdb\u011bru skupiny Visorti pro povrchovou \u00fapravu st\u0159ech<\/strong><\/h4>\n<p>\u00a0<\/p>\n<!-- \/wp:paragraph --><!-- wp:list -->\n<ul><!-- wp:list-item -->\n<li><strong>Odbornost<\/strong>: N\u00e1\u0161 t\u00fdm odborn\u00edk\u016f na st\u0159echy m\u00e1 dlouholet\u00e9 zku\u0161enosti s dokon\u010dovac\u00edmi \u00fapravami st\u0159ech, kter\u00e9 zaji\u0161\u0165uj\u00ed p\u0159esn\u00e9 a efektivn\u00ed v\u00fdsledky.<\/li>\n<!-- \/wp:list-item --><!-- wp:list-item -->\n<li><strong>Kvalitn\u00ed materi\u00e1ly<\/strong>: Pou\u017e\u00edv\u00e1me \u0161pi\u010dkov\u00e9 st\u0159e\u0161n\u00ed materi\u00e1ly a n\u00e1t\u011bry, abychom zajistili dlouhou \u017eivotnost a odolnost va\u0161\u00ed st\u0159echy.<\/li>\n<!-- \/wp:list-item --><!-- wp:list-item -->\n<li><strong>Design na zak\u00e1zku<\/strong>: Na\u0161e \u0159e\u0161en\u00ed pro povrchovou \u00fapravu st\u0159echy p\u0159izp\u016fsobujeme tak, aby odpov\u00eddala va\u0161im specifick\u00fdm po\u017eadavk\u016fm na design a funk\u010dnost.<\/li>\n<!-- \/wp:list-item --><!-- wp:list-item -->\n<li><strong>Energetick\u00e1 \u00fa\u010dinnost<\/strong>: N\u00e1t\u011bry st\u0159ech a syst\u00e9my zelen\u00fdch st\u0159ech mohou zlep\u0161it energetickou \u00fa\u010dinnost, sn\u00ed\u017eit n\u00e1klady na chlazen\u00ed v l\u00e9t\u011b a tepeln\u00e9 ztr\u00e1ty v zim\u011b.<\/li>\n<!-- \/wp:list-item --><\/ul>\n<!-- \/wp:list --><!-- wp:paragraph -->\n<h4><strong>Kontaktujte n\u00e1s pro povrchovou \u00fapravu st\u0159echy<\/strong><\/h4>\n<p>\u00a0<\/p>\n<!-- \/wp:paragraph --><!-- wp:paragraph -->\n<p>Jste p\u0159ipraveni zlep\u0161it estetiku, funk\u010dnost a ochranu va\u0161\u00ed st\u0159echy? Kontaktujte Visorti Group je\u0161t\u011b dnes a po\u017e\u00e1dejte o konzultaci. Jsme odhodl\u00e1ni poskytovat dokonalou \u00fapravu st\u0159ech, kter\u00e1 prom\u011bn\u00ed va\u0161i st\u0159echu v hodnotn\u00e9 aktivum.<\/p>\n<!-- \/wp:paragraph --><!-- wp:paragraph -->\n<p>Vyberte si Visorti Group pro sv\u00e9 pot\u0159eby \u00fapravy st\u0159echy a za\u017eijte v\u00fdhody dob\u0159e dokon\u010den\u00e9ho, atraktivn\u00edho a funk\u010dn\u00edho st\u0159e\u0161n\u00edho prostoru. Va\u0161e spokojenost a zachov\u00e1n\u00ed celistvosti Va\u0161\u00ed st\u0159echy jsou na\u0161imi hlavn\u00edmi prioritami.<\/p>\n<!-- \/wp:paragraph -->\t\t\t\t\t\t<\/div>\n\t\t\t\t<\/div>\n\t\t\t\t\t<\/div>\n\t\t\t\t<\/div>\n\t\t\t\t\t\t\t<\/div>","protected":false},"excerpt":{"rendered":"<p>Zvedn\u011bte svou st\u0159echu pomoc\u00ed expertn\u00ed \u00fapravy st\u0159ech Ve Visorti Group se specializujeme na kone\u010dnou \u00fapravu st\u0159ech, p\u0159em\u011bnu b\u011b\u017en\u00fdch st\u0159ech na funk\u010dn\u00ed, atraktivn\u00ed prostory s dlouhou \u017eivotnost\u00ed. A\u0165 u\u017e chcete vylep\u0161it estetiku sv\u00e9 st\u0159echy, p\u0159idat ochrann\u00e9 n\u00e1t\u011bry nebo vytvo\u0159it st\u0159e\u0161n\u00ed o\u00e1zu, na\u0161e odborn\u00e9 slu\u017eby v oblasti dokon\u010dovac\u00edch st\u0159ech v\u00e1m pomohou. Pro\u010d st\u0159echa\u2026<\/p>","protected":false},"author":1,"featured_media":0,"parent":0,"menu_order":0,"comment_status":"closed","ping_status":"closed","template":"","meta":{"_tbt_post_transparent":"","_tbt_post_title":"","_tbt_post_layout":"","_tbt_post_sidebar_id":"","_tbt_post_content_style":"","_tbt_post_vertical_padding":"","_tbt_post_feature":"","_tbt_post_feature_position":"","_tbt_post_header":false,"_tbt_post_footer":false},"_links":{"self":[{"href":"https:\/\/visorti-group.com\/cs\/wp-json\/wp\/v2\/pages\/13281"}],"collection":[{"href":"https:\/\/visorti-group.com\/cs\/wp-json\/wp\/v2\/pages"}],"about":[{"href":"https:\/\/visorti-group.com\/cs\/wp-json\/wp\/v2\/types\/page"}],"author":[{"embeddable":true,"href":"https:\/\/visorti-group.com\/cs\/wp-json\/wp\/v2\/users\/1"}],"replies":[{"embeddable":true,"href":"https:\/\/visorti-group.com\/cs\/wp-json\/wp\/v2\/comments?post=13281"}],"version-history":[{"count":27,"href":"https:\/\/visorti-group.com\/cs\/wp-json\/wp\/v2\/pages\/13281\/revisions"}],"predecessor-version":[{"id":13768,"href":"https:\/\/visorti-group.com\/cs\/wp-json\/wp\/v2\/pages\/13281\/revisions\/13768"}],"wp:attachment":[{"href":"https:\/\/visorti-group.com\/cs\/wp-json\/wp\/v2\/media?parent=13281"}],"curies":[{"name":"wp","href":"https:\/\/api.w.org\/{rel}","templated":true}]}}