{"id":13287,"date":"2023-09-26T21:02:33","date_gmt":"2023-09-26T21:02:33","guid":{"rendered":"https:\/\/visorti-group.com\/?page_id=13287"},"modified":"2023-10-04T13:50:26","modified_gmt":"2023-10-04T13:50:26","slug":"warming-and-thermal-modernization","status":"publish","type":"page","link":"https:\/\/visorti-group.com\/cs\/warming-and-thermal-modernization\/","title":{"rendered":"Oteplov\u00e1n\u00ed a tepeln\u00e1 modernizace"},"content":{"rendered":"<div data-elementor-type=\"wp-page\" data-elementor-id=\"13287\" class=\"elementor elementor-13287\">\n\t\t\t\t\t\t\t<div class=\"elementor-element elementor-element-530504f4 e-flex e-con-boxed e-con e-parent\" data-id=\"530504f4\" data-element_type=\"container\" data-settings=\"{&quot;content_width&quot;:&quot;boxed&quot;}\" data-core-v316-plus=\"true\">\n\t\t\t\t\t<div class=\"e-con-inner\">\n\t\t\t\t<div class=\"elementor-element elementor-element-16ee92f9 elementor-widget elementor-widget-text-editor\" data-id=\"16ee92f9\" data-element_type=\"widget\" data-widget_type=\"text-editor.default\">\n\t\t\t\t<div class=\"elementor-widget-container\">\n\t\t\t<style>\/*! elementor - v3.16.0 - 20-09-2023 *\/\n.elementor-widget-text-editor.elementor-drop-cap-view-stacked .elementor-drop-cap{background-color:#69727d;color:#fff}.elementor-widget-text-editor.elementor-drop-cap-view-framed .elementor-drop-cap{color:#69727d;border:3px solid;background-color:transparent}.elementor-widget-text-editor:not(.elementor-drop-cap-view-default) .elementor-drop-cap{margin-top:8px}.elementor-widget-text-editor:not(.elementor-drop-cap-view-default) .elementor-drop-cap-letter{width:1em;height:1em}.elementor-widget-text-editor .elementor-drop-cap{float:left;text-align:center;line-height:1;font-size:50px}.elementor-widget-text-editor .elementor-drop-cap-letter{display:inline-block}<\/style>\t\t\t\t<!-- wp:image {\"align\":\"wide\",\"id\":13293,\"sizeSlug\":\"large\",\"linkDestination\":\"none\"} -->\n<figure class=\"wp-block-image alignwide size-large\"><img loading=\"lazy\" decoding=\"async\" class=\"aligncenter wp-image-13657 size-full\" src=\"https:\/\/visorti-group.com\/wp-content\/uploads\/2023\/10\/Warming-And-Thermal-Modernization_1-scaled.jpg\" alt=\"\" width=\"2560\" height=\"877\" srcset=\"https:\/\/visorti-group.com\/wp-content\/uploads\/2023\/10\/Warming-And-Thermal-Modernization_1-scaled.jpg 2560w, https:\/\/visorti-group.com\/wp-content\/uploads\/2023\/10\/Warming-And-Thermal-Modernization_1-300x103.jpg 300w, https:\/\/visorti-group.com\/wp-content\/uploads\/2023\/10\/Warming-And-Thermal-Modernization_1-1024x351.jpg 1024w, https:\/\/visorti-group.com\/wp-content\/uploads\/2023\/10\/Warming-And-Thermal-Modernization_1-768x263.jpg 768w, https:\/\/visorti-group.com\/wp-content\/uploads\/2023\/10\/Warming-And-Thermal-Modernization_1-1536x526.jpg 1536w, https:\/\/visorti-group.com\/wp-content\/uploads\/2023\/10\/Warming-And-Thermal-Modernization_1-2048x701.jpg 2048w, https:\/\/visorti-group.com\/wp-content\/uploads\/2023\/10\/Warming-And-Thermal-Modernization_1-18x6.jpg 18w, https:\/\/visorti-group.com\/wp-content\/uploads\/2023\/10\/Warming-And-Thermal-Modernization_1-600x205.jpg 600w\" sizes=\"(max-width: 2560px) 100vw, 2560px\" \/><\/figure>\n<!-- \/wp:image --><!-- wp:paragraph -->\n<h4><strong>Oteplov\u00e1n\u00ed a tepeln\u00e1 modernizace: Transformace komfortu a energetick\u00e9 \u00fa\u010dinnosti<\/strong><\/h4>\n<p>\u00a0<\/p>\n<!-- \/wp:paragraph --><!-- wp:paragraph -->\n<p>Ve Visorti Group se specializujeme na \u0159e\u0161en\u00ed zateplov\u00e1n\u00ed a tepeln\u00e9 modernizace, kter\u00e1 nejen zvy\u0161uj\u00ed komfort va\u0161eho bydlen\u00ed nebo pracovn\u00edho prostoru, ale tak\u00e9 v\u00fdrazn\u011b zvy\u0161uj\u00ed energetickou \u00fa\u010dinnost. Na\u0161e odborn\u00e9 znalosti v oblasti izola\u010dn\u00edch a moderniza\u010dn\u00edch technik zajist\u00ed, \u017ee va\u0161e nemovitost z\u016fstane v zim\u011b \u00fatuln\u00e1, v l\u00e9t\u011b chladn\u00e1 a po cel\u00fd rok energeticky \u00fa\u010dinn\u00e1.<\/p>\n<!-- \/wp:paragraph --><!-- wp:paragraph -->\n<h4><strong>Pro\u010d je d\u016fle\u017eit\u00e9 oteplov\u00e1n\u00ed a tepeln\u00e1 modernizace<\/strong><\/h4>\n<p>\u00a0<\/p>\n<!-- \/wp:paragraph --><!-- wp:paragraph -->\n<p>Oteplov\u00e1n\u00ed a tepeln\u00e1 modernizace jsou z\u00e1sadn\u00ed z n\u011bkolika d\u016fvod\u016f:<\/p>\n<!-- \/wp:paragraph --><!-- wp:list -->\n<ul><!-- wp:list-item -->\n<li><strong>Energetick\u00e1 \u00fa\u010dinnost<\/strong>: Spr\u00e1vn\u00e1 izolace a modernizace v\u00fdrazn\u011b sni\u017euj\u00ed spot\u0159ebu energie, co\u017e m\u00e1 za n\u00e1sledek ni\u017e\u0161\u00ed \u00fa\u010dty za energie a ni\u017e\u0161\u00ed uhl\u00edkovou stopu.<\/li>\n<!-- \/wp:list-item --><!-- wp:list-item -->\n<li><strong>Pohodl\u00ed<\/strong>: Dob\u0159e izolovan\u00fd a modernizovan\u00fd prostor udr\u017euje st\u00e1lou a pohodlnou teplotu po cel\u00fd rok, co\u017e zvy\u0161uje kvalitu va\u0161eho \u017eivota.<\/li>\n<!-- \/wp:list-item --><!-- wp:list-item -->\n<li><strong>Hodnota majetku<\/strong>: Tepeln\u011b zmodernizovan\u00e1 nemovitost je atraktivn\u011bj\u0161\u00ed pro kupuj\u00edc\u00ed nebo n\u00e1jemce a m\u016f\u017ee zv\u00fd\u0161it jej\u00ed tr\u017en\u00ed hodnotu.<\/li>\n<!-- \/wp:list-item --><\/ul>\n<!-- \/wp:list --><!-- wp:paragraph -->\n<h4><strong><img loading=\"lazy\" decoding=\"async\" class=\"aligncenter wp-image-13671 size-full\" src=\"https:\/\/visorti-group.com\/wp-content\/uploads\/2023\/10\/Warming-And-Thermal-Modernization_2-scaled.jpg\" alt=\"\" width=\"2560\" height=\"877\" srcset=\"https:\/\/visorti-group.com\/wp-content\/uploads\/2023\/10\/Warming-And-Thermal-Modernization_2-scaled.jpg 2560w, https:\/\/visorti-group.com\/wp-content\/uploads\/2023\/10\/Warming-And-Thermal-Modernization_2-300x103.jpg 300w, https:\/\/visorti-group.com\/wp-content\/uploads\/2023\/10\/Warming-And-Thermal-Modernization_2-1024x351.jpg 1024w, https:\/\/visorti-group.com\/wp-content\/uploads\/2023\/10\/Warming-And-Thermal-Modernization_2-768x263.jpg 768w, https:\/\/visorti-group.com\/wp-content\/uploads\/2023\/10\/Warming-And-Thermal-Modernization_2-1536x526.jpg 1536w, https:\/\/visorti-group.com\/wp-content\/uploads\/2023\/10\/Warming-And-Thermal-Modernization_2-2048x701.jpg 2048w, https:\/\/visorti-group.com\/wp-content\/uploads\/2023\/10\/Warming-And-Thermal-Modernization_2-18x6.jpg 18w, https:\/\/visorti-group.com\/wp-content\/uploads\/2023\/10\/Warming-And-Thermal-Modernization_2-600x205.jpg 600w\" sizes=\"(max-width: 2560px) 100vw, 2560px\" \/><\/strong><\/h4>\n<h4>\u00a0<\/h4>\n<h4><strong>Na\u0161e slu\u017eby zateplov\u00e1n\u00ed a tepeln\u00e9 modernizace<\/strong><\/h4>\n<p>\u00a0<\/p>\n<!-- \/wp:paragraph --><!-- wp:list {\"ordered\":true} -->\n<ul><!-- wp:list-item -->\n<li><strong>Instalace izolace<\/strong>: Specializujeme se na instalaci r\u016fzn\u00fdch izola\u010dn\u00edch materi\u00e1l\u016f, v\u010detn\u011b p\u011bny, sklolamin\u00e1tu a celul\u00f3zy, abychom optimalizovali tepeln\u00fd v\u00fdkon.<\/li>\n<!-- \/wp:list-item --><!-- wp:list-item -->\n<li><strong>Upgrade oken a dve\u0159\u00ed<\/strong>: V\u00fdm\u011bna star\u00fdch, neefektivn\u00edch oken a dve\u0159\u00ed za energeticky \u00fasporn\u00e9 modely zlep\u0161uje izolaci a zvukovou izolaci.<\/li>\n<!-- \/wp:list-item --><!-- wp:list-item -->\n<li><strong>Modernizace st\u0159ech a podkrov\u00ed<\/strong>: Vylep\u0161ete tepeln\u00e9 vlastnosti sv\u00e9 st\u0159echy a podkrov\u00ed pomoc\u00ed izola\u010dn\u00edch a reflexn\u00edch n\u00e1t\u011br\u016f, abyste sn\u00ed\u017eili tepeln\u00e9 zisky.<\/li>\n<!-- \/wp:list-item --><!-- wp:list-item -->\n<li><strong>Izolace st\u011bn<\/strong>: Vylep\u0161ete izolaci st\u011bn, abyste zabr\u00e1nili tepeln\u00fdm ztr\u00e1t\u00e1m a zlep\u0161ili celkovou energetickou \u00fa\u010dinnost.<\/li>\n<!-- \/wp:list-item --><!-- wp:list-item -->\n<li><strong>Energeticky \u00fa\u010dinn\u00e9 syst\u00e9my vyt\u00e1p\u011bn\u00ed a chlazen\u00ed<\/strong>: M\u016f\u017eeme nainstalovat a modernizovat syst\u00e9my vyt\u00e1p\u011bn\u00ed, ventilace a klimatizace (HVAC), kter\u00e9 jsou energeticky \u00fa\u010dinn\u00e9 a \u0161etrn\u00e9 k \u017eivotn\u00edmu prost\u0159ed\u00ed.<\/li>\n<!-- \/wp:list-item --><\/ul>\n<!-- \/wp:list --><!-- wp:paragraph -->\n<h4><strong>V\u00fdhody v\u00fdb\u011bru skupiny Visorti pro oteplov\u00e1n\u00ed a tepelnou modernizaci<\/strong><\/h4>\n<p>\u00a0<\/p>\n<!-- \/wp:paragraph --><!-- wp:list -->\n<ul><!-- wp:list-item -->\n<li><strong>Odbornost<\/strong>: N\u00e1\u0161 t\u00fdm odborn\u00edk\u016f m\u00e1 rozs\u00e1hl\u00e9 zku\u0161enosti s oteplov\u00e1n\u00edm a tepelnou modernizac\u00ed, kter\u00e9 zaji\u0161\u0165uj\u00ed p\u0159esn\u00e9 a efektivn\u00ed v\u00fdsledky.<\/li>\n<!-- \/wp:list-item --><!-- wp:list-item -->\n<li><strong>\u00daspory energie<\/strong>: Na\u0161e \u0159e\u0161en\u00ed v\u00fdrazn\u011b sni\u017euj\u00ed spot\u0159ebu energie, co\u017e vede k dlouhodob\u00fdm \u00faspor\u00e1m n\u00e1klad\u016f.<\/li>\n<!-- \/wp:list-item --><!-- wp:list-item -->\n<li><strong>P\u0159izp\u016fsoben\u00ed<\/strong>: Na\u0161e \u0159e\u0161en\u00ed zateplov\u00e1n\u00ed a tepeln\u00e9 modernizace p\u0159izp\u016fsobujeme tak, aby odpov\u00eddala jedine\u010dn\u00fdm pot\u0159eb\u00e1m a specifikac\u00edm va\u0161\u00ed nemovitosti.<\/li>\n<!-- \/wp:list-item --><!-- wp:list-item -->\n<li><strong>Udr\u017eitelnost<\/strong>: N\u00e1\u0161 z\u00e1vazek k ekologicky \u0161etrn\u00fdm postup\u016fm p\u0159isp\u00edv\u00e1 k zelen\u011bj\u0161\u00ed budoucnosti.<\/li>\n<!-- \/wp:list-item --><\/ul>\n<!-- \/wp:list --><!-- wp:paragraph -->\n<h4><strong>Kontaktujte n\u00e1s ohledn\u011b zateplen\u00ed a tepeln\u00e9 modernizace<\/strong><\/h4>\n<p>\u00a0<\/p>\n<!-- \/wp:paragraph --><!-- wp:paragraph -->\n<p>Jste p\u0159ipraveni prom\u011bnit sv\u016fj prostor v pohodlnou, energeticky \u00fa\u010dinnou o\u00e1zu? Kontaktujte Visorti Group je\u0161t\u011b dnes a po\u017e\u00e1dejte o konzultaci. Jsme odhodl\u00e1ni poskytovat dokonalost v oblasti vyt\u00e1p\u011bn\u00ed a tepeln\u00e9 modernizace, kter\u00e1 zdokonal\u00ed va\u0161e \u017eivotn\u00ed nebo pracovn\u00ed prost\u0159ed\u00ed.<\/p>\n<!-- \/wp:paragraph --><!-- wp:paragraph -->\n<p>Vyberte si Visorti Group pro sv\u00e9 pot\u0159eby v oblasti vyt\u00e1p\u011bn\u00ed a tepeln\u00e9 modernizace a za\u017eijte v\u00fdhody pohodln\u00e9ho, energeticky \u00fa\u010dinn\u00e9ho a udr\u017eiteln\u00e9ho prostoru. Va\u0161e spokojenost a sn\u00ed\u017een\u00ed dopadu na \u017eivotn\u00ed prost\u0159ed\u00ed jsou na\u0161imi hlavn\u00edmi prioritami.<\/p>\n<!-- \/wp:paragraph -->\t\t\t\t\t\t<\/div>\n\t\t\t\t<\/div>\n\t\t\t\t\t<\/div>\n\t\t\t\t<\/div>\n\t\t\t\t\t\t\t<\/div>","protected":false},"excerpt":{"rendered":"<p>Zateplov\u00e1n\u00ed a tepeln\u00e1 modernizace: Transformace komfortu a energetick\u00e9 \u00fa\u010dinnosti Ve Visorti Group se specializujeme na \u0159e\u0161en\u00ed zateplov\u00e1n\u00ed a tepeln\u00e9 modernizace, kter\u00e1 nejen zlep\u0161uj\u00ed komfort va\u0161eho bydlen\u00ed nebo pracovn\u00edho prostoru, ale tak\u00e9 v\u00fdrazn\u011b zvy\u0161uj\u00ed energetickou \u00fa\u010dinnost. Na\u0161e odborn\u00e9 znalosti v oblasti izola\u010dn\u00edch a moderniza\u010dn\u00edch technik zajist\u00ed, \u017ee va\u0161e nemovitost z\u016fstane v zim\u011b \u00fatuln\u00e1,\u2026<\/p>","protected":false},"author":1,"featured_media":0,"parent":0,"menu_order":0,"comment_status":"closed","ping_status":"closed","template":"","meta":{"_tbt_post_transparent":"","_tbt_post_title":"","_tbt_post_layout":"","_tbt_post_sidebar_id":"","_tbt_post_content_style":"","_tbt_post_vertical_padding":"","_tbt_post_feature":"","_tbt_post_feature_position":"","_tbt_post_header":false,"_tbt_post_footer":false},"_links":{"self":[{"href":"https:\/\/visorti-group.com\/cs\/wp-json\/wp\/v2\/pages\/13287"}],"collection":[{"href":"https:\/\/visorti-group.com\/cs\/wp-json\/wp\/v2\/pages"}],"about":[{"href":"https:\/\/visorti-group.com\/cs\/wp-json\/wp\/v2\/types\/page"}],"author":[{"embeddable":true,"href":"https:\/\/visorti-group.com\/cs\/wp-json\/wp\/v2\/users\/1"}],"replies":[{"embeddable":true,"href":"https:\/\/visorti-group.com\/cs\/wp-json\/wp\/v2\/comments?post=13287"}],"version-history":[{"count":37,"href":"https:\/\/visorti-group.com\/cs\/wp-json\/wp\/v2\/pages\/13287\/revisions"}],"predecessor-version":[{"id":13742,"href":"https:\/\/visorti-group.com\/cs\/wp-json\/wp\/v2\/pages\/13287\/revisions\/13742"}],"wp:attachment":[{"href":"https:\/\/visorti-group.com\/cs\/wp-json\/wp\/v2\/media?parent=13287"}],"curies":[{"name":"wp","href":"https:\/\/api.w.org\/{rel}","templated":true}]}}