{"id":13309,"date":"2023-09-26T21:26:47","date_gmt":"2023-09-26T21:26:47","guid":{"rendered":"https:\/\/visorti-group.com\/?page_id=13309"},"modified":"2023-10-04T14:46:06","modified_gmt":"2023-10-04T14:46:06","slug":"industrial-and-decorative-floors","status":"publish","type":"page","link":"https:\/\/visorti-group.com\/cs\/industrial-and-decorative-floors\/","title":{"rendered":"Pr\u016fmyslov\u00e9 A Dekorativn\u00ed Podlahy"},"content":{"rendered":"<div data-elementor-type=\"wp-page\" data-elementor-id=\"13309\" class=\"elementor elementor-13309\">\n\t\t\t\t\t\t\t<div class=\"elementor-element elementor-element-32a7a259 e-flex e-con-boxed e-con e-parent\" data-id=\"32a7a259\" data-element_type=\"container\" data-settings=\"{&quot;content_width&quot;:&quot;boxed&quot;}\" data-core-v316-plus=\"true\">\n\t\t\t\t\t<div class=\"e-con-inner\">\n\t\t\t\t<div class=\"elementor-element elementor-element-4e2f544b elementor-widget elementor-widget-text-editor\" data-id=\"4e2f544b\" data-element_type=\"widget\" data-widget_type=\"text-editor.default\">\n\t\t\t\t<div class=\"elementor-widget-container\">\n\t\t\t<style>\/*! elementor - v3.16.0 - 20-09-2023 *\/\n.elementor-widget-text-editor.elementor-drop-cap-view-stacked .elementor-drop-cap{background-color:#69727d;color:#fff}.elementor-widget-text-editor.elementor-drop-cap-view-framed .elementor-drop-cap{color:#69727d;border:3px solid;background-color:transparent}.elementor-widget-text-editor:not(.elementor-drop-cap-view-default) .elementor-drop-cap{margin-top:8px}.elementor-widget-text-editor:not(.elementor-drop-cap-view-default) .elementor-drop-cap-letter{width:1em;height:1em}.elementor-widget-text-editor .elementor-drop-cap{float:left;text-align:center;line-height:1;font-size:50px}.elementor-widget-text-editor .elementor-drop-cap-letter{display:inline-block}<\/style>\t\t\t\t<!-- wp:image {\"align\":\"wide\",\"id\":13311,\"sizeSlug\":\"large\",\"linkDestination\":\"none\"} -->\n<figure class=\"wp-block-image alignwide size-large\"><\/figure>\n<p><img loading=\"lazy\" decoding=\"async\" class=\"aligncenter wp-image-13775 size-full\" src=\"https:\/\/visorti-group.com\/wp-content\/uploads\/2023\/10\/F_1.jpg\" alt=\"\" width=\"2300\" height=\"788\" srcset=\"https:\/\/visorti-group.com\/wp-content\/uploads\/2023\/10\/F_1.jpg 2300w, https:\/\/visorti-group.com\/wp-content\/uploads\/2023\/10\/F_1-300x103.jpg 300w, https:\/\/visorti-group.com\/wp-content\/uploads\/2023\/10\/F_1-1024x351.jpg 1024w, https:\/\/visorti-group.com\/wp-content\/uploads\/2023\/10\/F_1-768x263.jpg 768w, https:\/\/visorti-group.com\/wp-content\/uploads\/2023\/10\/F_1-1536x526.jpg 1536w, https:\/\/visorti-group.com\/wp-content\/uploads\/2023\/10\/F_1-2048x702.jpg 2048w, https:\/\/visorti-group.com\/wp-content\/uploads\/2023\/10\/F_1-18x6.jpg 18w, https:\/\/visorti-group.com\/wp-content\/uploads\/2023\/10\/F_1-600x206.jpg 600w\" sizes=\"(max-width: 2300px) 100vw, 2300px\" \/><\/p>\n<!-- \/wp:image --><!-- wp:paragraph -->\n<h4><strong>Vylep\u0161ete sv\u016fj prostor pomoc\u00ed pr\u016fmyslov\u00fdch a dekorativn\u00edch podlah<\/strong><\/h4>\n<p>\u00a0<\/p>\n<!-- \/wp:paragraph --><!-- wp:paragraph -->\n<p>Ve Visorti Group ch\u00e1peme kl\u00ed\u010dovou roli, kterou podlahy hraj\u00ed v interi\u00e9rov\u00e9m designu. A\u0165 u\u017e pot\u0159ebujete pr\u016fmyslov\u00e9 podlahy pro vysoce frekventovan\u00e9 prostory nebo dekorativn\u00ed podlahy pro zv\u00fd\u0161en\u00ed estetiky, m\u00e1me odborn\u00e9 znalosti, abychom va\u0161i vizi prom\u011bnili ve skute\u010dnost. Zjist\u011bte, jak m\u016f\u017eeme pomoc\u00ed na\u0161ich podlahov\u00fdch \u0159e\u0161en\u00ed prom\u011bnit v\u00e1\u0161 prostor.<\/p>\n<!-- \/wp:paragraph --><!-- wp:paragraph -->\n<h4><strong>Pr\u016fmyslov\u00e9 podlahy<\/strong><\/h4>\n<p>\u00a0<\/p>\n<!-- \/wp:paragraph --><!-- wp:paragraph -->\n<p><em>P\u00e1te\u0159 va\u0161eho prostoru<\/em><\/p>\n<!-- \/wp:paragraph --><!-- wp:list {\"ordered\":true} -->\n<ol><!-- wp:list-item -->\n<li><strong>Epoxidov\u00e9 podlahy<\/strong>: Odoln\u00e1, chemicky odoln\u00e1 a vizu\u00e1ln\u011b p\u0159ita\u017eliv\u00e1 epoxidov\u00e1 podlaha je ide\u00e1ln\u00ed pro pr\u016fmyslov\u00e9 prost\u0159ed\u00ed, v\u010detn\u011b sklad\u016f, tov\u00e1ren a automobilov\u00fdch obchod\u016f.<\/li>\n<!-- \/wp:list-item --><!-- wp:list-item -->\n<li><strong>Le\u0161t\u011bn\u00ed betonu<\/strong>: Prom\u011b\u0148te matn\u00e9 betonov\u00e9 podlahy na leskl\u00e9 povrchy se snadnou \u00fadr\u017ebou. Ide\u00e1ln\u00ed pro showroomy, maloobchodn\u00ed prostory a pr\u016fmyslov\u00e1 za\u0159\u00edzen\u00ed.<\/li>\n<!-- \/wp:list-item --><!-- wp:list-item -->\n<li><strong>Bezpe\u010dnostn\u00ed podlahy<\/strong>: Zajist\u011bte bezpe\u010dn\u00e9 pracovn\u00ed prost\u0159ed\u00ed pomoc\u00ed protiskluzov\u00fdch podlahov\u00fdch \u0159e\u0161en\u00ed vhodn\u00fdch pro komer\u010dn\u00ed kuchyn\u011b, laborato\u0159e a v\u00fdrobn\u00ed z\u00e1vody.<\/li>\n<!-- \/wp:list-item --><!-- wp:list-item -->\n<li><strong>Beze\u0161v\u00e9 Podlahy<\/strong>: Rozlu\u010dte se s liniemi sp\u00e1r a \u0161vy s na\u0161imi mo\u017enostmi bezprobl\u00e9mov\u00fdch podlah. Nejen, \u017ee se snadno \u010dist\u00ed, ale tak\u00e9 poskytuj\u00ed elegantn\u00ed a modern\u00ed vzhled.<\/li>\n<!-- \/wp:list-item --><\/ol>\n<!-- \/wp:list --><!-- wp:paragraph -->\n<h4><strong>Dekorativn\u00ed podlahy<\/strong><\/h4>\n<p>\u00a0<\/p>\n<!-- \/wp:paragraph --><!-- wp:paragraph -->\n<p><em>Estetick\u00e1 dokonalost<\/em><\/p>\n<!-- \/wp:paragraph --><!-- wp:list {\"ordered\":true} -->\n<ol><!-- wp:list-item -->\n<li><strong>D\u0159ev\u011bn\u00e9 podlahy<\/strong>: Nad\u010dasov\u00e9 a elegantn\u00ed podlahy z tvrd\u00e9ho d\u0159eva vnesou teplo a sofistikovanost do ka\u017ed\u00e9ho prostoru. Nab\u00edz\u00edme \u0161irokou \u0161k\u00e1lu druh\u016f d\u0159eva a povrchov\u00fdch \u00faprav, aby odpov\u00eddaly va\u0161emu stylu.<\/li>\n<!-- \/wp:list-item --><!-- wp:list-item -->\n<li><strong>Luxusn\u00ed vinylov\u00e9 podlahy<\/strong>: Dos\u00e1hn\u011bte vzhledu p\u0159\u00edrodn\u00edho kamene, tvrd\u00e9ho d\u0159eva nebo dla\u017edic s trvanlivost\u00ed a cenovou dostupnost\u00ed luxusn\u00edho vinylu. Ide\u00e1ln\u00ed pro obytn\u00e9 a komer\u010dn\u00ed prostory.<\/li>\n<!-- \/wp:list-item --><!-- wp:list-item -->\n<li><strong>Vlastn\u00ed dla\u017edice a mozaika<\/strong>: Ud\u011blejte prohl\u00e1\u0161en\u00ed pomoc\u00ed na m\u00edru navr\u017een\u00fdch dla\u017edic a mozaikov\u00fdch podlah. M\u016f\u017eeme vytvo\u0159it slo\u017eit\u00e9 vzory a designy podle va\u0161eho jedine\u010dn\u00e9ho vkusu.<\/li>\n<!-- \/wp:list-item --><!-- wp:list-item -->\n<li><strong>Terrazzo podlahy<\/strong>: Terrazzo kombinuje kr\u00e1su a odolnost, tak\u017ee je ide\u00e1ln\u00ed volbou pro lobby, hotely a ve\u0159ejn\u00e9 prostory. Vyberte si z \u0159ady barev a agreg\u00e1t\u016f.<\/li>\n<!-- \/wp:list-item --><\/ol>\n<!-- \/wp:list --><!-- wp:paragraph -->\n<h4><strong>Pro\u010d zvolit Visorti Group<\/strong><\/h4>\n<p>\u00a0<\/p>\n<!-- \/wp:paragraph --><!-- wp:list -->\n<ul><!-- wp:list-item -->\n<li><strong>Odborn\u00e9 \u0159emeslo<\/strong>: Na\u0161i zku\u0161en\u00ed \u0159emesln\u00edci a technici jsou odhodl\u00e1ni poskytovat bezchybn\u00e9 v\u00fdsledky na ka\u017ed\u00e9m projektu.<\/li>\n<!-- \/wp:list-item --><!-- wp:list-item -->\n<li><strong>Kvalitn\u00ed materi\u00e1ly<\/strong>: Odeb\u00edr\u00e1me ty nejlep\u0161\u00ed materi\u00e1ly a produkty, abychom zajistili, \u017ee va\u0161e podlahy vydr\u017e\u00ed.<\/li>\n<!-- \/wp:list-item --><!-- wp:list-item -->\n<li><strong>P\u0159izp\u016fsoben\u00ed<\/strong>: Na\u0161e \u0159e\u0161en\u00ed p\u0159izp\u016fsobujeme tak, aby odpov\u00eddala va\u0161\u00ed vizi designu a funk\u010dn\u00edm po\u017eadavk\u016fm.<\/li>\n<!-- \/wp:list-item --><!-- wp:list-item -->\n<li><strong>Profesion\u00e1ln\u00ed servis<\/strong>: N\u00e1\u0161 t\u00fdm poskytuje v\u00fdjime\u010dn\u00e9 slu\u017eby od zah\u00e1jen\u00ed projektu a\u017e po jeho dokon\u010den\u00ed.<\/li>\n<!-- \/wp:list-item --><\/ul>\n<!-- \/wp:list --><!-- wp:paragraph -->\n<h4><strong>Kontaktujte n\u00e1s<\/strong><\/h4>\n<p>\u00a0<\/p>\n<!-- \/wp:paragraph --><!-- wp:paragraph -->\n<p>Jste p\u0159ipraveni prom\u011bnit sv\u016fj prostor pr\u016fmyslov\u00fdmi nebo dekorativn\u00edmi podlahami? Pro konzultaci kontaktujte Visorti Group. R\u00e1di prodiskutujeme v\u00e1\u0161 projekt, poskytneme odborn\u00e1 doporu\u010den\u00ed a nab\u00eddneme konkurenceschopn\u00e9 nab\u00eddky na\u0161ich slu\u017eeb.<\/p>\n<!-- \/wp:paragraph --><!-- wp:paragraph -->\n<p>Pamatujte, \u017ee v\u00e1\u0161 v\u00fdb\u011br podlahy m\u016f\u017ee definovat charakter a funk\u010dnost va\u0161eho prostoru. S Visorti Group nedostanete jen podlahy; z\u00edsk\u00e1te \u0159emeslnou a designovou dokonalost, kter\u00e1 pozvedne va\u0161e prost\u0159ed\u00ed.<\/p>\n<!-- \/wp:paragraph --><!-- wp:paragraph -->\n<p><em>Visorti Group: Kde se po\u010d\u00edt\u00e1 ka\u017ed\u00fd krok.<\/em><\/p>\n<!-- \/wp:paragraph -->\t\t\t\t\t\t<\/div>\n\t\t\t\t<\/div>\n\t\t\t\t\t<\/div>\n\t\t\t\t<\/div>\n\t\t\t\t\t\t\t<\/div>","protected":false},"excerpt":{"rendered":"<p>Pozvedn\u011bte sv\u016fj prostor pomoc\u00ed pr\u016fmyslov\u00fdch a dekorativn\u00edch podlah Ve Visorti Group ch\u00e1peme kl\u00ed\u010dovou roli, kterou podlahy hraj\u00ed v interi\u00e9rov\u00e9m designu. A\u0165 u\u017e pot\u0159ebujete pr\u016fmyslov\u00e9 podlahy pro vysoce frekventovan\u00e9 prostory nebo dekorativn\u00ed podlahy pro zv\u00fd\u0161en\u00ed estetiky, m\u00e1me odborn\u00e9 znalosti, abychom va\u0161i vizi prom\u011bnili ve skute\u010dnost. Zjist\u011bte, jak m\u016f\u017eeme zm\u011bnit v\u00e1\u0161 prostor pomoc\u00ed\u2026<\/p>","protected":false},"author":1,"featured_media":0,"parent":0,"menu_order":0,"comment_status":"closed","ping_status":"closed","template":"","meta":{"_tbt_post_transparent":"","_tbt_post_title":"","_tbt_post_layout":"","_tbt_post_sidebar_id":"","_tbt_post_content_style":"","_tbt_post_vertical_padding":"","_tbt_post_feature":"","_tbt_post_feature_position":"","_tbt_post_header":false,"_tbt_post_footer":false},"_links":{"self":[{"href":"https:\/\/visorti-group.com\/cs\/wp-json\/wp\/v2\/pages\/13309"}],"collection":[{"href":"https:\/\/visorti-group.com\/cs\/wp-json\/wp\/v2\/pages"}],"about":[{"href":"https:\/\/visorti-group.com\/cs\/wp-json\/wp\/v2\/types\/page"}],"author":[{"embeddable":true,"href":"https:\/\/visorti-group.com\/cs\/wp-json\/wp\/v2\/users\/1"}],"replies":[{"embeddable":true,"href":"https:\/\/visorti-group.com\/cs\/wp-json\/wp\/v2\/comments?post=13309"}],"version-history":[{"count":9,"href":"https:\/\/visorti-group.com\/cs\/wp-json\/wp\/v2\/pages\/13309\/revisions"}],"predecessor-version":[{"id":13781,"href":"https:\/\/visorti-group.com\/cs\/wp-json\/wp\/v2\/pages\/13309\/revisions\/13781"}],"wp:attachment":[{"href":"https:\/\/visorti-group.com\/cs\/wp-json\/wp\/v2\/media?parent=13309"}],"curies":[{"name":"wp","href":"https:\/\/api.w.org\/{rel}","templated":true}]}}