{"id":13353,"date":"2023-09-27T20:55:48","date_gmt":"2023-09-27T20:55:48","guid":{"rendered":"https:\/\/visorti-group.com\/?page_id=13353"},"modified":"2023-10-04T19:14:56","modified_gmt":"2023-10-04T19:14:56","slug":"shotcrete","status":"publish","type":"page","link":"https:\/\/visorti-group.com\/cs\/shotcrete\/","title":{"rendered":"St\u0159\u00edkan\u00fd beton"},"content":{"rendered":"<div data-elementor-type=\"wp-page\" data-elementor-id=\"13353\" class=\"elementor elementor-13353\">\n\t\t\t\t\t\t\t<div class=\"elementor-element elementor-element-7c0cb21 e-flex e-con-boxed e-con e-parent\" data-id=\"7c0cb21\" data-element_type=\"container\" data-settings=\"{&quot;content_width&quot;:&quot;boxed&quot;}\" data-core-v316-plus=\"true\">\n\t\t\t\t\t<div class=\"e-con-inner\">\n\t\t\t\t<div class=\"elementor-element elementor-element-3e6f08bd elementor-widget elementor-widget-text-editor\" data-id=\"3e6f08bd\" data-element_type=\"widget\" data-widget_type=\"text-editor.default\">\n\t\t\t\t<div class=\"elementor-widget-container\">\n\t\t\t<style>\/*! elementor - v3.16.0 - 20-09-2023 *\/\n.elementor-widget-text-editor.elementor-drop-cap-view-stacked .elementor-drop-cap{background-color:#69727d;color:#fff}.elementor-widget-text-editor.elementor-drop-cap-view-framed .elementor-drop-cap{color:#69727d;border:3px solid;background-color:transparent}.elementor-widget-text-editor:not(.elementor-drop-cap-view-default) .elementor-drop-cap{margin-top:8px}.elementor-widget-text-editor:not(.elementor-drop-cap-view-default) .elementor-drop-cap-letter{width:1em;height:1em}.elementor-widget-text-editor .elementor-drop-cap{float:left;text-align:center;line-height:1;font-size:50px}.elementor-widget-text-editor .elementor-drop-cap-letter{display:inline-block}<\/style>\t\t\t\t<!-- wp:image {\"align\":\"wide\",\"id\":13355,\"sizeSlug\":\"large\",\"linkDestination\":\"none\"} -->\n<figure class=\"wp-block-image alignwide size-large\"><img loading=\"lazy\" decoding=\"async\" class=\"aligncenter wp-image-13795 size-full\" src=\"https:\/\/visorti-group.com\/wp-content\/uploads\/2023\/10\/Shotcrete_1.jpg\" alt=\"\" width=\"2300\" height=\"788\" srcset=\"https:\/\/visorti-group.com\/wp-content\/uploads\/2023\/10\/Shotcrete_1.jpg 2300w, https:\/\/visorti-group.com\/wp-content\/uploads\/2023\/10\/Shotcrete_1-300x103.jpg 300w, https:\/\/visorti-group.com\/wp-content\/uploads\/2023\/10\/Shotcrete_1-1024x351.jpg 1024w, https:\/\/visorti-group.com\/wp-content\/uploads\/2023\/10\/Shotcrete_1-768x263.jpg 768w, https:\/\/visorti-group.com\/wp-content\/uploads\/2023\/10\/Shotcrete_1-1536x526.jpg 1536w, https:\/\/visorti-group.com\/wp-content\/uploads\/2023\/10\/Shotcrete_1-2048x702.jpg 2048w, https:\/\/visorti-group.com\/wp-content\/uploads\/2023\/10\/Shotcrete_1-18x6.jpg 18w, https:\/\/visorti-group.com\/wp-content\/uploads\/2023\/10\/Shotcrete_1-600x206.jpg 600w\" sizes=\"(max-width: 2300px) 100vw, 2300px\" \/><\/figure>\n<!-- \/wp:image --><!-- wp:paragraph -->\n<h4><strong>St\u0159\u00edkan\u00fd beton: Budov\u00e1n\u00ed dokonalosti s p\u0159esnost\u00ed a rychlost\u00ed<\/strong><\/h4>\n<p>\u00a0<\/p>\n<!-- \/wp:paragraph --><!-- wp:paragraph -->\n<p>Ve Visorti Group jsme odborn\u00edky na aplikaci st\u0159\u00edkan\u00e9ho betonu, v\u0161estrann\u00e9 a efektivn\u00ed stavebn\u00ed metody, kter\u00e1 nab\u00edz\u00ed v\u00fdjime\u010dnou pevnost a odolnost. A\u0165 u\u017e pracujete na nov\u00e9m stavebn\u00edm projektu nebo po\u017eadujete struktur\u00e1ln\u00ed opravy, na\u0161e \u0159e\u0161en\u00ed pro st\u0159\u00edkan\u00fd beton jsou navr\u017eena tak, aby spl\u0148ovala va\u0161e pot\u0159eby s p\u0159esnost\u00ed a rychlost\u00ed.<\/p>\n<!-- \/wp:paragraph --><!-- wp:paragraph -->\n<h4><strong>Co je Shotcrete?<\/strong><\/h4>\n<p>\u00a0<\/p>\n<!-- \/wp:paragraph --><!-- wp:paragraph -->\n<p>St\u0159\u00edkan\u00fd beton, tak\u00e9 zn\u00e1m\u00fd jako st\u0159\u00edkan\u00fd beton, je stavebn\u00ed technika, p\u0159i kter\u00e9 je beton pneumaticky st\u0159\u00edk\u00e1n nebo st\u0159\u00edk\u00e1n na povrch vysokou rychlost\u00ed. Tato metoda zaji\u0161\u0165uje jednotnost, vysok\u00e9 zhutn\u011bn\u00ed a silnou vazbu, d\u00edky \u010demu\u017e je ide\u00e1ln\u00ed pro \u0161irokou \u0161k\u00e1lu aplikac\u00ed.<\/p>\n<!-- \/wp:paragraph --><!-- wp:paragraph -->\n<h4><strong>Na\u0161e \u0159e\u0161en\u00ed pro st\u0159\u00edkan\u00fd beton<\/strong><\/h4>\n<p>\u00a0<\/p>\n<!-- \/wp:paragraph --><!-- wp:list {\"ordered\":true} -->\n<ul><!-- wp:list-item -->\n<li><strong>Nov\u00e1 v\u00fdstavba<\/strong>: St\u0159\u00edkan\u00fd beton pou\u017e\u00edv\u00e1me pro stavbu nov\u00fdch konstrukc\u00ed, v\u010detn\u011b st\u011bn, tunel\u016f, baz\u00e9n\u016f a dal\u0161\u00edch. Nab\u00edz\u00ed rychl\u00fd a efektivn\u00ed zp\u016fsob vytv\u00e1\u0159en\u00ed odoln\u00fdch a konstruk\u010dn\u011b zdrav\u00fdch prvk\u016f.<\/li>\n<!-- \/wp:list-item --><!-- wp:list-item -->\n<li><strong>Konstruk\u010dn\u00ed opravy<\/strong>: St\u0159\u00edkan\u00fd beton se \u010dasto pou\u017e\u00edv\u00e1 pro opravy a sanace st\u00e1vaj\u00edc\u00edch konstrukc\u00ed, jako jsou mosty, p\u0159ehrady a op\u011brn\u00e9 zdi. M\u016f\u017ee obnovit struktur\u00e1ln\u00ed integritu a prodlou\u017eit \u017eivotnost t\u011bchto aktiv.<\/li>\n<!-- \/wp:list-item --><!-- wp:list-item -->\n<li><strong>Stabilizace svahu<\/strong>: St\u0159\u00edkan\u00fd beton je vynikaj\u00edc\u00ed volbou pro stabilizaci svah\u016f a prevenci eroze. M\u016f\u017ee poskytnout okam\u017eitou podporu, aby se zabr\u00e1nilo sesuv\u016fm p\u016fdy a zajistila bezpe\u010dnost infrastruktury.<\/li>\n<!-- \/wp:list-item --><!-- wp:list-item -->\n<li><strong>Dekorativn\u00ed aplikace<\/strong>: Krom\u011b struktur\u00e1ln\u00edch v\u00fdhod lze st\u0159\u00edkan\u00fd beton pou\u017e\u00edt tak\u00e9 pro dekorativn\u00ed \u00fa\u010dely. Lze jej tvarovat a barvit pro vytvo\u0159en\u00ed um\u011bleck\u00fdch a esteticky p\u0159\u00edjemn\u00fdch povrch\u016f.<\/li>\n<!-- \/wp:list-item --><\/ul>\n<!-- \/wp:list --><!-- wp:paragraph -->\n<h4><strong>V\u00fdhody Shotcrete<\/strong><\/h4>\n<p>\u00a0<\/p>\n<!-- \/wp:paragraph --><!-- wp:list -->\n<ul><!-- wp:list-item -->\n<li><strong>Pevnost a odolnost<\/strong>: St\u0159\u00edkan\u00fd beton vytv\u00e1\u0159\u00ed hustou a pevnou betonovou strukturu, kter\u00e1 je vysoce trvanliv\u00e1 a odoln\u00e1 v\u016f\u010di vliv\u016fm prost\u0159ed\u00ed.<\/li>\n<!-- \/wp:list-item --><!-- wp:list-item -->\n<li><strong>Rychl\u00e1 aplikace<\/strong>: Rychlost nan\u00e1\u0161en\u00ed st\u0159\u00edkan\u00e9ho betonu z n\u011bj \u010din\u00ed cenov\u011b v\u00fdhodnou volbu pro nov\u00e9 stavby i opravy.<\/li>\n<!-- \/wp:list-item --><!-- wp:list-item -->\n<li><strong>V\u0161estrannost<\/strong>: St\u0159\u00edkan\u00fd beton lze aplikovat na r\u016fzn\u00e9 povrchy, v\u010detn\u011b vertik\u00e1ln\u00edch, horn\u00edch a zak\u0159iven\u00fdch povrch\u016f, d\u00edky \u010demu\u017e je v\u0161estrann\u00fd pro r\u016fzn\u00e9 po\u017eadavky projektu.<\/li>\n<!-- \/wp:list-item --><!-- wp:list-item -->\n<li><strong>P\u0159izp\u016fsobiteln\u00e9<\/strong>: M\u016f\u017ee b\u00fdt p\u0159izp\u016fsoben, pokud jde o n\u00e1vrh sm\u011bsi, p\u0159\u00edsady a povrchov\u00e9 \u00fapravy, aby vyhovoval specifick\u00fdm pot\u0159eb\u00e1m projektu.<\/li>\n<!-- \/wp:list-item --><\/ul>\n<!-- \/wp:list --><!-- wp:paragraph -->\n<h4><strong>Pro\u010d zvolit Visorti Group pro Shotcrete<\/strong><\/h4>\n<p>\u00a0<\/p>\n<!-- \/wp:paragraph --><!-- wp:list -->\n<ul><!-- wp:list-item -->\n<li><strong>Zku\u0161enosti<\/strong>: P\u0159in\u00e1\u0161\u00edme rozs\u00e1hl\u00e9 zku\u0161enosti s aplikac\u00ed st\u0159\u00edkan\u00e9ho betonu, zaji\u0161\u0165uj\u00edc\u00ed nejvy\u0161\u0161\u00ed kvalitu a p\u0159esnost.<\/li>\n<!-- \/wp:list-item --><!-- wp:list-item -->\n<li><strong>Kvalitn\u00ed materi\u00e1ly<\/strong>: Pou\u017e\u00edv\u00e1me vysoce kvalitn\u00ed betonov\u00e9 sm\u011bsi a p\u0159\u00edsady pro vynikaj\u00edc\u00ed v\u00fdsledky.<\/li>\n<!-- \/wp:list-item --><!-- wp:list-item -->\n<li><strong>Bezpe\u010dnost<\/strong>: Bezpe\u010dnost je pro na\u0161e operace prvo\u0159ad\u00e1 a dodr\u017eujeme nejvy\u0161\u0161\u00ed bezpe\u010dnostn\u00ed standardy.<\/li>\n<!-- \/wp:list-item --><!-- wp:list-item -->\n<li><strong>Projektov\u00fd management<\/strong>: N\u00e1\u0161 t\u00fdm \u0159\u00edd\u00ed ka\u017ed\u00fd aspekt va\u0161eho projektu st\u0159\u00edkan\u00e9ho betonu, zaji\u0161\u0165uje efektivitu a dodr\u017eov\u00e1n\u00ed \u010dasov\u00fdch pl\u00e1n\u016f.<\/li>\n<!-- \/wp:list-item --><\/ul>\n<!-- \/wp:list --><!-- wp:paragraph -->\n<h4><strong>Kontaktujte n\u00e1s pro \u0159e\u0161en\u00ed st\u0159\u00edkan\u00e9ho betonu<\/strong><\/h4>\n<!-- \/wp:paragraph --><!-- wp:paragraph -->\n<p>Jste p\u0159ipraveni vyu\u017e\u00edt s\u00edlu a v\u0161estrannost st\u0159\u00edkan\u00e9ho betonu pro sv\u016fj stavebn\u00ed nebo oprav\u00e1rensk\u00fd projekt? Kontaktujte Visorti Group je\u0161t\u011b dnes a po\u017e\u00e1dejte o konzultaci. Jsme odhodl\u00e1ni poskytovat dokonalost a odolnost, kterou m\u016f\u017ee poskytnout technologie st\u0159\u00edkan\u00e9ho betonu.<\/p>\n<!-- \/wp:paragraph --><!-- wp:paragraph -->\n<p>Vyberte si Visorti Group pro sv\u00e9 pot\u0159eby v oblasti st\u0159\u00edkan\u00e9ho betonu a vyzkou\u0161ejte v\u00fdhody p\u0159esnosti, rychlosti a trval\u00e9 kvality p\u0159i sv\u00e9m stavebn\u00edm \u00fasil\u00ed. Va\u0161e spokojenost a \u00fasp\u011bch va\u0161eho projektu jsou na\u0161e hlavn\u00ed priority.<\/p>\n<!-- \/wp:paragraph -->\t\t\t\t\t\t<\/div>\n\t\t\t\t<\/div>\n\t\t\t\t\t<\/div>\n\t\t\t\t<\/div>\n\t\t\t\t\t\t\t<\/div>","protected":false},"excerpt":{"rendered":"<p>St\u0159\u00edkan\u00fd beton: dokonal\u00e1 stavba s p\u0159esnost\u00ed a rychlost\u00ed Ve Visorti Group jsme experty na aplikaci st\u0159\u00edkan\u00e9ho betonu, v\u0161estrann\u00e9 a efektivn\u00ed stavebn\u00ed metody, kter\u00e1 nab\u00edz\u00ed v\u00fdjime\u010dnou pevnost a odolnost. A\u0165 u\u017e pracujete na nov\u00e9m stavebn\u00edm projektu nebo po\u017eadujete struktur\u00e1ln\u00ed opravy, na\u0161e \u0159e\u0161en\u00ed pro st\u0159\u00edkan\u00fd beton jsou navr\u017eena tak, aby p\u0159esn\u011b a p\u0159esn\u011b vyhov\u011bla va\u0161im pot\u0159eb\u00e1m\u2026<\/p>","protected":false},"author":1,"featured_media":0,"parent":0,"menu_order":0,"comment_status":"closed","ping_status":"closed","template":"","meta":{"_tbt_post_transparent":"","_tbt_post_title":"","_tbt_post_layout":"","_tbt_post_sidebar_id":"","_tbt_post_content_style":"","_tbt_post_vertical_padding":"","_tbt_post_feature":"","_tbt_post_feature_position":"","_tbt_post_header":false,"_tbt_post_footer":false},"_links":{"self":[{"href":"https:\/\/visorti-group.com\/cs\/wp-json\/wp\/v2\/pages\/13353"}],"collection":[{"href":"https:\/\/visorti-group.com\/cs\/wp-json\/wp\/v2\/pages"}],"about":[{"href":"https:\/\/visorti-group.com\/cs\/wp-json\/wp\/v2\/types\/page"}],"author":[{"embeddable":true,"href":"https:\/\/visorti-group.com\/cs\/wp-json\/wp\/v2\/users\/1"}],"replies":[{"embeddable":true,"href":"https:\/\/visorti-group.com\/cs\/wp-json\/wp\/v2\/comments?post=13353"}],"version-history":[{"count":6,"href":"https:\/\/visorti-group.com\/cs\/wp-json\/wp\/v2\/pages\/13353\/revisions"}],"predecessor-version":[{"id":13798,"href":"https:\/\/visorti-group.com\/cs\/wp-json\/wp\/v2\/pages\/13353\/revisions\/13798"}],"wp:attachment":[{"href":"https:\/\/visorti-group.com\/cs\/wp-json\/wp\/v2\/media?parent=13353"}],"curies":[{"name":"wp","href":"https:\/\/api.w.org\/{rel}","templated":true}]}}