{"id":2,"date":"2022-10-31T11:50:13","date_gmt":"2022-10-31T11:50:13","guid":{"rendered":"https:\/\/demos.coderplace.com\/wp\/WP01\/WP01009\/?page_id=2"},"modified":"2023-10-04T13:47:02","modified_gmt":"2023-10-04T13:47:02","slug":"bureau-of-reconstruction-and-restoration","status":"publish","type":"page","link":"https:\/\/visorti-group.com\/cs\/bureau-of-reconstruction-and-restoration\/","title":{"rendered":"\u00da\u0159ad Rekonstrukce A Restaurov\u00e1n\u00ed"},"content":{"rendered":"<div data-elementor-type=\"wp-page\" data-elementor-id=\"2\" class=\"elementor elementor-2\">\n\t\t\t\t\t\t\t<div class=\"elementor-element elementor-element-3af9a03c e-flex e-con-boxed e-con e-parent\" data-id=\"3af9a03c\" data-element_type=\"container\" data-settings=\"{&quot;content_width&quot;:&quot;boxed&quot;}\" data-core-v316-plus=\"true\">\n\t\t\t\t\t<div class=\"e-con-inner\">\n\t\t\t\t<div class=\"elementor-element elementor-element-719f1de1 elementor-widget elementor-widget-text-editor\" data-id=\"719f1de1\" data-element_type=\"widget\" data-widget_type=\"text-editor.default\">\n\t\t\t\t<div class=\"elementor-widget-container\">\n\t\t\t<style>\/*! elementor - v3.16.0 - 20-09-2023 *\/\n.elementor-widget-text-editor.elementor-drop-cap-view-stacked .elementor-drop-cap{background-color:#69727d;color:#fff}.elementor-widget-text-editor.elementor-drop-cap-view-framed .elementor-drop-cap{color:#69727d;border:3px solid;background-color:transparent}.elementor-widget-text-editor:not(.elementor-drop-cap-view-default) .elementor-drop-cap{margin-top:8px}.elementor-widget-text-editor:not(.elementor-drop-cap-view-default) .elementor-drop-cap-letter{width:1em;height:1em}.elementor-widget-text-editor .elementor-drop-cap{float:left;text-align:center;line-height:1;font-size:50px}.elementor-widget-text-editor .elementor-drop-cap-letter{display:inline-block}<\/style>\t\t\t\t<p><!-- wp:image {\"align\":\"wide\",\"id\":11628,\"sizeSlug\":\"large\",\"linkDestination\":\"none\"} --><\/p>\n<figure class=\"wp-block-image alignwide size-large\"><img loading=\"lazy\" decoding=\"async\" class=\"aligncenter wp-image-13698 size-full\" src=\"https:\/\/visorti-group.com\/wp-content\/uploads\/2023\/10\/R_1-scaled.jpg\" alt=\"\" width=\"2560\" height=\"877\" srcset=\"https:\/\/visorti-group.com\/wp-content\/uploads\/2023\/10\/R_1-scaled.jpg 2560w, https:\/\/visorti-group.com\/wp-content\/uploads\/2023\/10\/R_1-300x103.jpg 300w, https:\/\/visorti-group.com\/wp-content\/uploads\/2023\/10\/R_1-1024x351.jpg 1024w, https:\/\/visorti-group.com\/wp-content\/uploads\/2023\/10\/R_1-768x263.jpg 768w, https:\/\/visorti-group.com\/wp-content\/uploads\/2023\/10\/R_1-1536x526.jpg 1536w, https:\/\/visorti-group.com\/wp-content\/uploads\/2023\/10\/R_1-2048x701.jpg 2048w, https:\/\/visorti-group.com\/wp-content\/uploads\/2023\/10\/R_1-18x6.jpg 18w, https:\/\/visorti-group.com\/wp-content\/uploads\/2023\/10\/R_1-600x205.jpg 600w\" sizes=\"(max-width: 2560px) 100vw, 2560px\" \/><\/figure>\n<p><!-- \/wp:image --><!-- wp:paragraph --><\/p>\n<p>Obnova star\u00fdch budov je slo\u017eit\u00fd a v\u00edcestup\u0148ov\u00fd proces, kter\u00fd vy\u017eaduje pe\u010dlivou p\u0159\u00edpravu k zaji\u0161t\u011bn\u00ed zachov\u00e1n\u00ed prvk\u016f s kulturn\u00ed a historickou hodnotou. Po\u0161kozen\u00e9 prvky jsou odstran\u011bny, nosn\u00e9 konstrukce jsou zpevn\u011bny. Po demont\u00e1\u017ei n\u011bkter\u00fdch stavebn\u00edch sou\u010d\u00e1st\u00ed m\u016f\u017ee b\u00fdt nutn\u00e9 je poslat do specializovan\u00fdch d\u00edlen na restaurov\u00e1n\u00ed choulostiv\u00fdch detail\u016f spojen\u00fdch s konkr\u00e9tn\u00ed historickou dobou.<\/p>\n<p>Restaurov\u00e1n\u00ed budov zahrnuje pou\u017eit\u00ed r\u016fzn\u00fdch metod, kter\u00e9 individu\u00e1ln\u011b vyb\u00edr\u00e1 odborn\u00fd t\u00fdm ve Visorti Group. Specialist\u00e9 Visorti Group posuzuj\u00ed stav materi\u00e1l\u016f, shroma\u017e\u010fuj\u00ed informace o podm\u00ednk\u00e1ch pou\u017eit\u00ed a celkov\u00fdch charakteristik\u00e1ch budovy, aby pochopili, s \u010d\u00edm budou pracovat. V t\u00fdmu jsou nejen in\u017een\u00fd\u0159i, ale tak\u00e9 architekti, zku\u0161en\u00ed restaur\u00e1to\u0159i, interi\u00e9rov\u00ed design\u00e9\u0159i a samoz\u0159ejm\u011b stavitel\u00e9, kte\u0159\u00ed prov\u00e1d\u011bj\u00ed sv\u00e9 akce v souladu s projektem restaurov\u00e1n\u00ed objektu, kter\u00fd m\u00e1 historickou a kulturn\u00ed hodnotu.<\/p>\n<p>Rekonstrukce fas\u00e1dy objektu se prov\u00e1d\u00ed nejen za \u00fa\u010delem osv\u011b\u017een\u00ed zv\u011btral\u00e9ho obkladu, ale i v p\u0159\u00edpad\u011b rekonstrukc\u00ed, p\u0159\u00edstaveb a jin\u00fdch architektonick\u00fdch zm\u011bn domu.<\/p>\n<p><img loading=\"lazy\" decoding=\"async\" class=\"aligncenter wp-image-13724 size-full\" src=\"https:\/\/visorti-group.com\/wp-content\/uploads\/2023\/10\/R_2.jpg\" alt=\"\" width=\"2300\" height=\"788\" srcset=\"https:\/\/visorti-group.com\/wp-content\/uploads\/2023\/10\/R_2.jpg 2300w, https:\/\/visorti-group.com\/wp-content\/uploads\/2023\/10\/R_2-300x103.jpg 300w, https:\/\/visorti-group.com\/wp-content\/uploads\/2023\/10\/R_2-1024x351.jpg 1024w, https:\/\/visorti-group.com\/wp-content\/uploads\/2023\/10\/R_2-768x263.jpg 768w, https:\/\/visorti-group.com\/wp-content\/uploads\/2023\/10\/R_2-1536x526.jpg 1536w, https:\/\/visorti-group.com\/wp-content\/uploads\/2023\/10\/R_2-2048x702.jpg 2048w, https:\/\/visorti-group.com\/wp-content\/uploads\/2023\/10\/R_2-18x6.jpg 18w, https:\/\/visorti-group.com\/wp-content\/uploads\/2023\/10\/R_2-600x206.jpg 600w\" sizes=\"(max-width: 2300px) 100vw, 2300px\" \/><\/p>\n<h4>Proces rekonstrukce<\/h4>\n<p>\u00a0<\/p>\n<p>N\u00e1\u0161 proces rekonstrukce p\u0159\u00edsn\u011b dodr\u017euje nezbytn\u00e9 normy, pravidla a standardy kvality a postupuje krok za krokem:<\/p>\n<p><strong>1. P\u0159\u00edprava:<\/strong> Na\u0161i specialist\u00e9 studuj\u00ed vlastnosti objektu a dokumentaci. Po prozkoum\u00e1n\u00ed v\u0161ech aspekt\u016f technick\u00e9ho zad\u00e1n\u00ed je vypracov\u00e1n pl\u00e1n dal\u0161\u00ed pr\u00e1ce.<\/p>\n<p><strong>2. Pr\u016fzkum:<\/strong> Prov\u00e1d\u00ed se d\u016fkladn\u00e1 kontrola konstrukce konstrukce, jej\u00edho stavu a spolehlivosti. Stanov\u00ed se pl\u00e1novan\u00e9 zm\u011bny, posuzuje se proveditelnost projektu a jeho vliv na budouc\u00ed provoz objektu. Hodnot\u00ed se p\u016fdn\u00ed stav, slo\u017een\u00ed, hloubka podzemn\u00ed vody a tak d\u00e1le.<\/p>\n<p><strong>3. Design:<\/strong> Projekt je vypracov\u00e1n v souladu s modern\u00edmi normami a p\u0159edpisy.<\/p>\n<p><strong>4. Implementace:<\/strong> Ve\u0161ker\u00e9 stavebn\u00ed pr\u00e1ce jsou prov\u00e1d\u011bny s d\u016frazem na bezpe\u010dnost, rychlost a kvalitu, pod technick\u00fdm, projektov\u00fdm a klientsk\u00fdm dohledem.<\/p>\n<p><strong>5. Uveden\u00ed do provozu:<\/strong> P\u0159ed\u00e1n\u00ed objektu zahrnuje zprovozn\u011bn\u00ed v\u0161ech in\u017een\u00fdrsk\u00fdch s\u00edt\u00ed.<\/p>\n<p>\u00a0<\/p>\n<p>Rekonstruk\u010dn\u00ed slu\u017eby pat\u0159\u00ed k nej\u017e\u00e1dan\u011bj\u0161\u00edm, vy\u017eaduj\u00ed odborn\u00e9 vzd\u011bl\u00e1n\u00ed a odbornost stavebn\u00edk\u016f. S Visorti Group z\u00edsk\u00e1te vysoce kvalitn\u00ed slu\u017eby a inovativn\u00ed metody prov\u00e1d\u011bn\u00ed pr\u00e1ce. Jsme schopni prov\u00e9st rekonstrukce objekt\u016f jak\u00e9koliv slo\u017eitosti.<\/p>\n<p>Kontaktujte n\u00e1s a my V\u00e1m poskytneme komplexn\u00ed konzultaci n\u00e1mi nab\u00edzen\u00fdch slu\u017eeb.<\/p>\n<p><!-- \/wp:paragraph --><\/p>\t\t\t\t\t\t<\/div>\n\t\t\t\t<\/div>\n\t\t\t\t\t<\/div>\n\t\t\t\t<\/div>\n\t\t\t\t\t\t\t<\/div>","protected":false},"excerpt":{"rendered":"<p>Obnova star\u00fdch budov je slo\u017eit\u00fd a v\u00edcestup\u0148ov\u00fd proces, kter\u00fd vy\u017eaduje pe\u010dlivou p\u0159\u00edpravu k zaji\u0161t\u011bn\u00ed zachov\u00e1n\u00ed prvk\u016f s kulturn\u00ed a historickou hodnotou. Po\u0161kozen\u00e9 prvky jsou odstran\u011bny, nosn\u00e9 konstrukce jsou zpevn\u011bny. Po demont\u00e1\u017ei n\u011bkter\u00fdch stavebn\u00edch sou\u010d\u00e1st\u00ed m\u016f\u017ee b\u00fdt nutn\u00e9 je poslat do specializovan\u00fdch d\u00edlen na restaurov\u00e1n\u00ed\u2026<\/p>","protected":false},"author":1,"featured_media":0,"parent":0,"menu_order":0,"comment_status":"closed","ping_status":"open","template":"","meta":{"_tbt_post_transparent":"","_tbt_post_title":"","_tbt_post_layout":"","_tbt_post_sidebar_id":"","_tbt_post_content_style":"","_tbt_post_vertical_padding":"","_tbt_post_feature":"","_tbt_post_feature_position":"","_tbt_post_header":false,"_tbt_post_footer":false},"_links":{"self":[{"href":"https:\/\/visorti-group.com\/cs\/wp-json\/wp\/v2\/pages\/2"}],"collection":[{"href":"https:\/\/visorti-group.com\/cs\/wp-json\/wp\/v2\/pages"}],"about":[{"href":"https:\/\/visorti-group.com\/cs\/wp-json\/wp\/v2\/types\/page"}],"author":[{"embeddable":true,"href":"https:\/\/visorti-group.com\/cs\/wp-json\/wp\/v2\/users\/1"}],"replies":[{"embeddable":true,"href":"https:\/\/visorti-group.com\/cs\/wp-json\/wp\/v2\/comments?post=2"}],"version-history":[{"count":36,"href":"https:\/\/visorti-group.com\/cs\/wp-json\/wp\/v2\/pages\/2\/revisions"}],"predecessor-version":[{"id":13733,"href":"https:\/\/visorti-group.com\/cs\/wp-json\/wp\/v2\/pages\/2\/revisions\/13733"}],"wp:attachment":[{"href":"https:\/\/visorti-group.com\/cs\/wp-json\/wp\/v2\/media?parent=2"}],"curies":[{"name":"wp","href":"https:\/\/api.w.org\/{rel}","templated":true}]}}