{"id":2242,"date":"2021-10-25T11:40:43","date_gmt":"2021-10-25T11:40:43","guid":{"rendered":"https:\/\/wp.themedemo.org\/WCM07\/WCM070151\/?page_id=2242"},"modified":"2023-10-16T15:35:16","modified_gmt":"2023-10-16T15:35:16","slug":"about-us","status":"publish","type":"page","link":"https:\/\/visorti-group.com\/cs\/about-us\/","title":{"rendered":"O n\u00e1s"},"content":{"rendered":"<div data-elementor-type=\"wp-page\" data-elementor-id=\"2242\" class=\"elementor elementor-2242\">\n\t\t\t\t\t\t\t<div class=\"elementor-element elementor-element-504e821 e-flex e-con-boxed e-con e-parent\" data-id=\"504e821\" data-element_type=\"container\" data-settings=\"{&quot;content_width&quot;:&quot;boxed&quot;}\" data-core-v316-plus=\"true\">\n\t\t\t\t\t<div class=\"e-con-inner\">\n\t\t<div class=\"elementor-element elementor-element-343f404 e-con-full e-flex e-con e-child\" data-id=\"343f404\" data-element_type=\"container\" data-settings=\"{&quot;content_width&quot;:&quot;full&quot;}\">\n\t\t\t\t<div class=\"elementor-element elementor-element-86d46bf elementor-widget elementor-widget-text-editor\" data-id=\"86d46bf\" data-element_type=\"widget\" data-widget_type=\"text-editor.default\">\n\t\t\t\t<div class=\"elementor-widget-container\">\n\t\t\t<style>\/*! elementor - v3.16.0 - 20-09-2023 *\/\n.elementor-widget-text-editor.elementor-drop-cap-view-stacked .elementor-drop-cap{background-color:#69727d;color:#fff}.elementor-widget-text-editor.elementor-drop-cap-view-framed .elementor-drop-cap{color:#69727d;border:3px solid;background-color:transparent}.elementor-widget-text-editor:not(.elementor-drop-cap-view-default) .elementor-drop-cap{margin-top:8px}.elementor-widget-text-editor:not(.elementor-drop-cap-view-default) .elementor-drop-cap-letter{width:1em;height:1em}.elementor-widget-text-editor .elementor-drop-cap{float:left;text-align:center;line-height:1;font-size:50px}.elementor-widget-text-editor .elementor-drop-cap-letter{display:inline-block}<\/style>\t\t\t\t<p><img loading=\"lazy\" decoding=\"async\" class=\"aligncenter wp-image-14094 size-full\" src=\"https:\/\/visorti-group.com\/wp-content\/uploads\/2023\/10\/3-2023-09-15-at-19.45.09-e1696623877807.jpg\" alt=\"\" width=\"1750\" height=\"490\" srcset=\"https:\/\/visorti-group.com\/wp-content\/uploads\/2023\/10\/3-2023-09-15-at-19.45.09-e1696623877807.jpg 1750w, https:\/\/visorti-group.com\/wp-content\/uploads\/2023\/10\/3-2023-09-15-at-19.45.09-e1696623877807-300x84.jpg 300w, https:\/\/visorti-group.com\/wp-content\/uploads\/2023\/10\/3-2023-09-15-at-19.45.09-e1696623877807-1024x287.jpg 1024w, https:\/\/visorti-group.com\/wp-content\/uploads\/2023\/10\/3-2023-09-15-at-19.45.09-e1696623877807-768x215.jpg 768w, https:\/\/visorti-group.com\/wp-content\/uploads\/2023\/10\/3-2023-09-15-at-19.45.09-e1696623877807-1536x430.jpg 1536w, https:\/\/visorti-group.com\/wp-content\/uploads\/2023\/10\/3-2023-09-15-at-19.45.09-e1696623877807-18x5.jpg 18w, https:\/\/visorti-group.com\/wp-content\/uploads\/2023\/10\/3-2023-09-15-at-19.45.09-e1696623877807-600x168.jpg 600w\" sizes=\"(max-width: 1750px) 100vw, 1750px\" \/><\/p><p>Skupina spole\u010dnost\u00ed Visorti byla zalo\u017eena v roce 2014 a ji\u017e v\u00edce ne\u017e dev\u011bt let se \u00fasp\u011b\u0161n\u011b zab\u00fdv\u00e1 v\u00fdstavbou a rekonstrukcemi budov. Dnes zahrnuje p\u0159edn\u00ed spole\u010dnosti jako VISORTI Produkt SRO, Agentura Bss SRO, Paulolo Company SRO, AfimoCZ SRO, Visorti Montage SRO a Visorti Montage De GmbH.<\/p><p>Ka\u017ed\u00e1 spole\u010dnost ve Visorti Group je pova\u017eov\u00e1na za \u0161pi\u010dkov\u00e9ho odborn\u00edka ve sv\u00e9m oboru, kter\u00fd se specializuje na poskytov\u00e1n\u00ed cel\u00e9 \u0161k\u00e1ly slu\u017eeb souvisej\u00edc\u00edch s v\u00fdstavbou a rekonstrukc\u00ed budov. N\u00e1\u0161 t\u00fdm se zav\u00e1zal k neust\u00e1l\u00e9mu zlep\u0161ov\u00e1n\u00ed a spolupracuje v\u00fdhradn\u011b s nejlep\u0161\u00edmi dodavateli stavebn\u00edch materi\u00e1l\u016f.<\/p><p>Velk\u00fd d\u016fraz klademe na zvy\u0161ov\u00e1n\u00ed kvalifikace na\u0161ich zam\u011bstnanc\u016f, dvakr\u00e1t ro\u010dn\u011b pro n\u011b po\u0159\u00e1d\u00e1me specializovan\u00e9 kurzy. D\u00edky tomu m\u016f\u017eeme hrd\u011b zaru\u010dit, \u017ee v\u0161echny n\u00e1mi realizovan\u00e9 projekty budou provedeny podle nejvy\u0161\u0161\u00edch standard\u016f kvality.<\/p><p>Rozhoduj\u00edc\u00edm aspektem na\u0161\u00ed pr\u00e1ce je neust\u00e1l\u00e9 zkoum\u00e1n\u00ed inovativn\u00edch \u0159e\u0161en\u00ed ve stavebnictv\u00ed. Jsme v\u017edy o krok nap\u0159ed, pou\u017e\u00edv\u00e1me osv\u011bd\u010den\u00e9 postupy a modern\u00ed technologie, abychom na\u0161im klient\u016fm poskytli spolehliv\u00e1 a efektivn\u00ed \u0159e\u0161en\u00ed pro v\u0161echny jejich stavebn\u00ed pot\u0159eby. S Visorti Group je v\u00e1\u0161 projekt v\u017edy v bezpe\u010dn\u00fdch rukou!<\/p>\t\t\t\t\t\t<\/div>\n\t\t\t\t<\/div>\n\t\t\t\t<\/div>\n\t\t\t\t\t<\/div>\n\t\t\t\t<\/div>\n\t\t\t\t<div class=\"elementor-section elementor-top-section elementor-element elementor-element-92ccb23 elementor-section-full_width elementor-section-height-min-height elementor-section-stretched elementor-section-content-middle elementor-section-height-default elementor-section-items-middle\" data-id=\"92ccb23\" data-element_type=\"section\" data-settings=\"{&quot;stretch_section&quot;:&quot;section-stretched&quot;,&quot;background_background&quot;:&quot;classic&quot;}\">\n\t\t\t\t\t\t\t<div class=\"elementor-background-overlay\"><\/div>\n\t\t\t\t\t\t\t<div class=\"elementor-container elementor-column-gap-default\">\n\t\t\t\t\t<div class=\"elementor-column elementor-col-100 elementor-top-column elementor-element elementor-element-e986eac\" data-id=\"e986eac\" data-element_type=\"column\">\n\t\t\t<div class=\"elementor-widget-wrap elementor-element-populated\">\n\t\t\t\t\t\t\t\t<div class=\"elementor-element elementor-element-60675e0 elementor-widget elementor-widget-heading\" data-id=\"60675e0\" data-element_type=\"widget\" data-widget_type=\"heading.default\">\n\t\t\t\t<div class=\"elementor-widget-container\">\n\t\t\t<style>\/*! elementor - v3.16.0 - 20-09-2023 *\/\n.elementor-heading-title{padding:0;margin:0;line-height:1}.elementor-widget-heading .elementor-heading-title[class*=elementor-size-]>a{color:inherit;font-size:inherit;line-height:inherit}.elementor-widget-heading .elementor-heading-title.elementor-size-small{font-size:15px}.elementor-widget-heading .elementor-heading-title.elementor-size-medium{font-size:19px}.elementor-widget-heading .elementor-heading-title.elementor-size-large{font-size:29px}.elementor-widget-heading .elementor-heading-title.elementor-size-xl{font-size:39px}.elementor-widget-heading .elementor-heading-title.elementor-size-xxl{font-size:59px}<\/style><span class=\"elementor-heading-title elementor-size-default\">Nejlep\u0161\u00ed \u0159e\u0161en\u00ed ve stavebnictv\u00ed <\/span>\t\t<\/div>\n\t\t\t\t<\/div>\n\t\t\t\t<div class=\"elementor-element elementor-element-ed50d7a elementor-widget__width-initial elementor-widget elementor-widget-heading\" data-id=\"ed50d7a\" data-element_type=\"widget\" data-widget_type=\"heading.default\">\n\t\t\t\t<div class=\"elementor-widget-container\">\n\t\t\t<span class=\"elementor-heading-title elementor-size-default\">Na\u0161e spole\u010dnost neust\u00e1le hled\u00e1 nov\u00e1 \u0159e\u0161en\u00ed a sna\u017e\u00ed se poskytnout na\u0161im klient\u016fm ty nejvy\u0161\u0161\u00ed odborn\u00e9 znalosti v na\u0161em oboru. <\/span>\t\t<\/div>\n\t\t\t\t<\/div>\n\t\t\t\t<div class=\"elementor-element elementor-element-c24084e elementor-align-center elementor-widget elementor-widget-button\" data-id=\"c24084e\" data-element_type=\"widget\" data-widget_type=\"button.default\">\n\t\t\t\t<div class=\"elementor-widget-container\">\n\t\t\t\t\t<div class=\"elementor-button-wrapper\">\n\t\t\t<a class=\"elementor-button elementor-button-link elementor-size-sm\" href=\"https:\/\/visorti-group.com\/cs\/gallery\/\">\n\t\t\t\t\t\t<span class=\"elementor-button-content-wrapper\">\n\t\t\t\t\t\t<span class=\"elementor-button-text\">Pod\u00edvejte se na na\u0161i pr\u00e1ci<\/span>\n\t\t<\/span>\n\t\t\t\t\t<\/a>\n\t\t<\/div>\n\t\t\t\t<\/div>\n\t\t\t\t<\/div>\n\t\t\t\t\t<\/div>\n\t\t<\/div>\n\t\t\t\t\t\t\t<\/div>\n\t\t<\/div>\n\t\t\t\t<div class=\"elementor-section elementor-top-section elementor-element elementor-element-5414b1c elementor-section-boxed elementor-section-height-default elementor-section-height-default\" data-id=\"5414b1c\" data-element_type=\"section\">\n\t\t\t\t\t\t<div class=\"elementor-container elementor-column-gap-default\">\n\t\t\t\t\t<div class=\"elementor-column elementor-col-100 elementor-top-column elementor-element elementor-element-4af638a\" data-id=\"4af638a\" data-element_type=\"column\">\n\t\t\t<div class=\"elementor-widget-wrap elementor-element-populated\">\n\t\t\t\t\t\t\t\t<div class=\"elementor-element elementor-element-875aaf3 elementor-widget elementor-widget-heading\" data-id=\"875aaf3\" data-element_type=\"widget\" data-widget_type=\"heading.default\">\n\t\t\t\t<div class=\"elementor-widget-container\">\n\t\t\t<h2 class=\"elementor-heading-title elementor-size-default\">Odd\u011blen\u00ed Visorti Group<\/h2>\t\t<\/div>\n\t\t\t\t<\/div>\n\t\t\t\t<div class=\"elementor-element elementor-element-4f43010 elementor-widget-divider--view-line elementor-widget elementor-widget-divider\" data-id=\"4f43010\" data-element_type=\"widget\" data-widget_type=\"divider.default\">\n\t\t\t\t<div class=\"elementor-widget-container\">\n\t\t\t<style>\/*! elementor - v3.16.0 - 20-09-2023 *\/\n.elementor-widget-divider{--divider-border-style:none;--divider-border-width:1px;--divider-color:#0c0d0e;--divider-icon-size:20px;--divider-element-spacing:10px;--divider-pattern-height:24px;--divider-pattern-size:20px;--divider-pattern-url:none;--divider-pattern-repeat:repeat-x}.elementor-widget-divider .elementor-divider{display:flex}.elementor-widget-divider .elementor-divider__text{font-size:15px;line-height:1;max-width:95%}.elementor-widget-divider .elementor-divider__element{margin:0 var(--divider-element-spacing);flex-shrink:0}.elementor-widget-divider .elementor-icon{font-size:var(--divider-icon-size)}.elementor-widget-divider .elementor-divider-separator{display:flex;margin:0;direction:ltr}.elementor-widget-divider--view-line_icon .elementor-divider-separator,.elementor-widget-divider--view-line_text .elementor-divider-separator{align-items:center}.elementor-widget-divider--view-line_icon .elementor-divider-separator:after,.elementor-widget-divider--view-line_icon .elementor-divider-separator:before,.elementor-widget-divider--view-line_text .elementor-divider-separator:after,.elementor-widget-divider--view-line_text .elementor-divider-separator:before{display:block;content:\"\";border-bottom:0;flex-grow:1;border-top:var(--divider-border-width) var(--divider-border-style) var(--divider-color)}.elementor-widget-divider--element-align-left .elementor-divider .elementor-divider-separator>.elementor-divider__svg:first-of-type{flex-grow:0;flex-shrink:100}.elementor-widget-divider--element-align-left .elementor-divider-separator:before{content:none}.elementor-widget-divider--element-align-left .elementor-divider__element{margin-left:0}.elementor-widget-divider--element-align-right .elementor-divider .elementor-divider-separator>.elementor-divider__svg:last-of-type{flex-grow:0;flex-shrink:100}.elementor-widget-divider--element-align-right .elementor-divider-separator:after{content:none}.elementor-widget-divider--element-align-right .elementor-divider__element{margin-right:0}.elementor-widget-divider:not(.elementor-widget-divider--view-line_text):not(.elementor-widget-divider--view-line_icon) .elementor-divider-separator{border-top:var(--divider-border-width) var(--divider-border-style) var(--divider-color)}.elementor-widget-divider--separator-type-pattern{--divider-border-style:none}.elementor-widget-divider--separator-type-pattern.elementor-widget-divider--view-line .elementor-divider-separator,.elementor-widget-divider--separator-type-pattern:not(.elementor-widget-divider--view-line) .elementor-divider-separator:after,.elementor-widget-divider--separator-type-pattern:not(.elementor-widget-divider--view-line) .elementor-divider-separator:before,.elementor-widget-divider--separator-type-pattern:not([class*=elementor-widget-divider--view]) .elementor-divider-separator{width:100%;min-height:var(--divider-pattern-height);-webkit-mask-size:var(--divider-pattern-size) 100%;mask-size:var(--divider-pattern-size) 100%;-webkit-mask-repeat:var(--divider-pattern-repeat);mask-repeat:var(--divider-pattern-repeat);background-color:var(--divider-color);-webkit-mask-image:var(--divider-pattern-url);mask-image:var(--divider-pattern-url)}.elementor-widget-divider--no-spacing{--divider-pattern-size:auto}.elementor-widget-divider--bg-round{--divider-pattern-repeat:round}.rtl .elementor-widget-divider .elementor-divider__text{direction:rtl}.e-con-inner>.elementor-widget-divider,.e-con>.elementor-widget-divider{width:var(--container-widget-width,100%);--flex-grow:var(--container-widget-flex-grow)}<\/style>\t\t<div class=\"elementor-divider\">\n\t\t\t<span class=\"elementor-divider-separator\">\n\t\t\t\t\t\t<\/span>\n\t\t<\/div>\n\t\t\t\t<\/div>\n\t\t\t\t<\/div>\n\t\t\t\t<div class=\"elementor-element elementor-element-537ef93 elementor-widget elementor-widget-heading\" data-id=\"537ef93\" data-element_type=\"widget\" data-widget_type=\"heading.default\">\n\t\t\t\t<div class=\"elementor-widget-container\">\n\t\t\t<span class=\"elementor-heading-title elementor-size-default\">Ka\u017ed\u00e9 odd\u011blen\u00ed ve Visorti Group m\u00e1 nejvy\u0161\u0161\u00ed odbornost a dlouholet\u00e9 zku\u0161enosti.\n<\/span>\t\t<\/div>\n\t\t\t\t<\/div>\n\t\t\t\t<section class=\"elementor-section elementor-inner-section elementor-element elementor-element-0848e42 _team_carousel elementor-section-content-bottom elementor-section-boxed elementor-section-height-default elementor-section-height-default\" data-id=\"0848e42\" data-element_type=\"section\">\n\t\t\t\t\t\t<div class=\"elementor-container elementor-column-gap-default\">\n\t\t\t\t\t<div class=\"elementor-column elementor-col-25 elementor-inner-column elementor-element elementor-element-38ad2cc\" data-id=\"38ad2cc\" data-element_type=\"column\">\n\t\t\t<div class=\"elementor-widget-wrap elementor-element-populated\">\n\t\t\t\t\t\t\t\t<div class=\"elementor-element elementor-element-fe195f9 elementor-position-top elementor-widget elementor-widget-image-box\" data-id=\"fe195f9\" data-element_type=\"widget\" data-widget_type=\"image-box.default\">\n\t\t\t\t<div class=\"elementor-widget-container\">\n\t\t\t<style>\/*! elementor - v3.16.0 - 20-09-2023 *\/\n.elementor-widget-image-box .elementor-image-box-content{width:100%}@media (min-width:768px){.elementor-widget-image-box.elementor-position-left .elementor-image-box-wrapper,.elementor-widget-image-box.elementor-position-right .elementor-image-box-wrapper{display:flex}.elementor-widget-image-box.elementor-position-right .elementor-image-box-wrapper{text-align:right;flex-direction:row-reverse}.elementor-widget-image-box.elementor-position-left .elementor-image-box-wrapper{text-align:left;flex-direction:row}.elementor-widget-image-box.elementor-position-top .elementor-image-box-img{margin:auto}.elementor-widget-image-box.elementor-vertical-align-top .elementor-image-box-wrapper{align-items:flex-start}.elementor-widget-image-box.elementor-vertical-align-middle .elementor-image-box-wrapper{align-items:center}.elementor-widget-image-box.elementor-vertical-align-bottom .elementor-image-box-wrapper{align-items:flex-end}}@media (max-width:767px){.elementor-widget-image-box .elementor-image-box-img{margin-left:auto!important;margin-right:auto!important;margin-bottom:15px}}.elementor-widget-image-box .elementor-image-box-img{display:inline-block}.elementor-widget-image-box .elementor-image-box-title a{color:inherit}.elementor-widget-image-box .elementor-image-box-wrapper{text-align:center}.elementor-widget-image-box .elementor-image-box-description{margin:0}<\/style><div class=\"elementor-image-box-wrapper\"><figure class=\"elementor-image-box-img\"><img loading=\"lazy\" decoding=\"async\" width=\"320\" height=\"380\" src=\"https:\/\/visorti-group.com\/wp-content\/uploads\/2023\/10\/Team-2.jpg\" class=\"attachment-full size-full wp-image-14303\" alt=\"\" srcset=\"https:\/\/visorti-group.com\/wp-content\/uploads\/2023\/10\/Team-2.jpg 320w, https:\/\/visorti-group.com\/wp-content\/uploads\/2023\/10\/Team-2-253x300.jpg 253w, https:\/\/visorti-group.com\/wp-content\/uploads\/2023\/10\/Team-2-10x12.jpg 10w\" sizes=\"(max-width: 320px) 100vw, 320px\" \/><\/figure><div class=\"elementor-image-box-content\"><h6 class=\"elementor-image-box-title\">Odd\u011blen\u00ed v\u00fdstavby a rekonstrukc\u00ed<\/h6><p class=\"elementor-image-box-description\">+491628853560<p>\nJaro.S@visorti-group.com<\/p><\/div><\/div>\t\t<\/div>\n\t\t\t\t<\/div>\n\t\t\t\t\t<\/div>\n\t\t<\/div>\n\t\t\t\t<div class=\"elementor-column elementor-col-25 elementor-inner-column elementor-element elementor-element-6f99e75\" data-id=\"6f99e75\" data-element_type=\"column\">\n\t\t\t<div class=\"elementor-widget-wrap elementor-element-populated\">\n\t\t\t\t\t\t\t\t<div class=\"elementor-element elementor-element-58d5319 elementor-position-top elementor-widget elementor-widget-image-box\" data-id=\"58d5319\" data-element_type=\"widget\" data-widget_type=\"image-box.default\">\n\t\t\t\t<div class=\"elementor-widget-container\">\n\t\t\t<div class=\"elementor-image-box-wrapper\"><figure class=\"elementor-image-box-img\"><img loading=\"lazy\" decoding=\"async\" width=\"320\" height=\"380\" src=\"https:\/\/visorti-group.com\/wp-content\/uploads\/2023\/10\/Team-3.jpg\" class=\"attachment-full size-full wp-image-14302\" alt=\"\" srcset=\"https:\/\/visorti-group.com\/wp-content\/uploads\/2023\/10\/Team-3.jpg 320w, https:\/\/visorti-group.com\/wp-content\/uploads\/2023\/10\/Team-3-253x300.jpg 253w, https:\/\/visorti-group.com\/wp-content\/uploads\/2023\/10\/Team-3-10x12.jpg 10w\" sizes=\"(max-width: 320px) 100vw, 320px\" \/><\/figure><div class=\"elementor-image-box-content\"><h6 class=\"elementor-image-box-title\">Spr\u00e1vn\u00ed odd\u011blen\u00ed<\/h6><p class=\"elementor-image-box-description\">+420724103683<\/p>Martina.L@visorti-group.com\n<\/p><\/div><\/div>\t\t<\/div>\n\t\t\t\t<\/div>\n\t\t\t\t\t<\/div>\n\t\t<\/div>\n\t\t\t\t<div class=\"elementor-column elementor-col-25 elementor-inner-column elementor-element elementor-element-f782418\" data-id=\"f782418\" data-element_type=\"column\">\n\t\t\t<div class=\"elementor-widget-wrap elementor-element-populated\">\n\t\t\t\t\t\t\t\t<div class=\"elementor-element elementor-element-6681c39 elementor-position-top elementor-widget elementor-widget-image-box\" data-id=\"6681c39\" data-element_type=\"widget\" data-widget_type=\"image-box.default\">\n\t\t\t\t<div class=\"elementor-widget-container\">\n\t\t\t<div class=\"elementor-image-box-wrapper\"><figure class=\"elementor-image-box-img\"><img loading=\"lazy\" decoding=\"async\" width=\"320\" height=\"380\" src=\"https:\/\/visorti-group.com\/wp-content\/uploads\/2023\/10\/Team-4.jpg\" class=\"attachment-full size-full wp-image-14301\" alt=\"\" srcset=\"https:\/\/visorti-group.com\/wp-content\/uploads\/2023\/10\/Team-4.jpg 320w, https:\/\/visorti-group.com\/wp-content\/uploads\/2023\/10\/Team-4-253x300.jpg 253w, https:\/\/visorti-group.com\/wp-content\/uploads\/2023\/10\/Team-4-10x12.jpg 10w\" sizes=\"(max-width: 320px) 100vw, 320px\" \/><\/figure><div class=\"elementor-image-box-content\"><h6 class=\"elementor-image-box-title\">pr\u00e1vn\u00ed odd\u011blen\u00ed<\/h6><p class=\"elementor-image-box-description\">+420608005285<\/p>\nEmilia.S@visorti-group.com\n<\/p><\/div><\/div>\t\t<\/div>\n\t\t\t\t<\/div>\n\t\t\t\t\t<\/div>\n\t\t<\/div>\n\t\t\t\t<div class=\"elementor-column elementor-col-25 elementor-inner-column elementor-element elementor-element-d054388\" data-id=\"d054388\" data-element_type=\"column\">\n\t\t\t<div class=\"elementor-widget-wrap elementor-element-populated\">\n\t\t\t\t\t\t\t\t<div class=\"elementor-element elementor-element-eee562b elementor-position-top elementor-widget elementor-widget-image-box\" data-id=\"eee562b\" data-element_type=\"widget\" data-widget_type=\"image-box.default\">\n\t\t\t\t<div class=\"elementor-widget-container\">\n\t\t\t<div class=\"elementor-image-box-wrapper\"><figure class=\"elementor-image-box-img\"><img loading=\"lazy\" decoding=\"async\" width=\"320\" height=\"380\" src=\"https:\/\/visorti-group.com\/wp-content\/uploads\/2023\/10\/Team-1.jpg\" class=\"attachment-full size-full wp-image-14300\" alt=\"\" srcset=\"https:\/\/visorti-group.com\/wp-content\/uploads\/2023\/10\/Team-1.jpg 320w, https:\/\/visorti-group.com\/wp-content\/uploads\/2023\/10\/Team-1-253x300.jpg 253w, https:\/\/visorti-group.com\/wp-content\/uploads\/2023\/10\/Team-1-10x12.jpg 10w\" sizes=\"(max-width: 320px) 100vw, 320px\" \/><\/figure><div class=\"elementor-image-box-content\"><h6 class=\"elementor-image-box-title\">Odd\u011blen\u00ed lidsk\u00fdch zdroj\u016f<\/h6><p class=\"elementor-image-box-description\">+420777422918<\/p>\nAndrew.P@visorti-group.com\n<\/p><\/div><\/div>\t\t<\/div>\n\t\t\t\t<\/div>\n\t\t\t\t\t<\/div>\n\t\t<\/div>\n\t\t\t\t\t\t\t<\/div>\n\t\t<\/section>\n\t\t\t\t\t<\/div>\n\t\t<\/div>\n\t\t\t\t\t\t\t<\/div>\n\t\t<\/div>\n\t\t\t\t\t\t\t<\/div>","protected":false},"excerpt":{"rendered":"<p>Skupina spole\u010dnost\u00ed Visorti byla zalo\u017eena v roce 2014 a ji\u017e v\u00edce ne\u017e dev\u011bt let se \u00fasp\u011b\u0161n\u011b zab\u00fdv\u00e1 v\u00fdstavbou a rekonstrukcemi budov. Dnes zahrnuje p\u0159edn\u00ed spole\u010dnosti jako VISORTI Produkt SRO, Agentura Bss SRO, Paulolo Company SRO, AfimoCZ SRO, Visorti Montage SRO a Visorti Montage De GmbH. Ka\u017ed\u00e1 spole\u010dnost v r\u00e1mci Visorti Group je\u2026<\/p>","protected":false},"author":1,"featured_media":0,"parent":0,"menu_order":0,"comment_status":"closed","ping_status":"closed","template":"","meta":{"_tbt_post_transparent":"","_tbt_post_title":"","_tbt_post_layout":"","_tbt_post_sidebar_id":"","_tbt_post_content_style":"","_tbt_post_vertical_padding":"","_tbt_post_feature":"","_tbt_post_feature_position":"","_tbt_post_header":false,"_tbt_post_footer":false},"_links":{"self":[{"href":"https:\/\/visorti-group.com\/cs\/wp-json\/wp\/v2\/pages\/2242"}],"collection":[{"href":"https:\/\/visorti-group.com\/cs\/wp-json\/wp\/v2\/pages"}],"about":[{"href":"https:\/\/visorti-group.com\/cs\/wp-json\/wp\/v2\/types\/page"}],"author":[{"embeddable":true,"href":"https:\/\/visorti-group.com\/cs\/wp-json\/wp\/v2\/users\/1"}],"replies":[{"embeddable":true,"href":"https:\/\/visorti-group.com\/cs\/wp-json\/wp\/v2\/comments?post=2242"}],"version-history":[{"count":47,"href":"https:\/\/visorti-group.com\/cs\/wp-json\/wp\/v2\/pages\/2242\/revisions"}],"predecessor-version":[{"id":14310,"href":"https:\/\/visorti-group.com\/cs\/wp-json\/wp\/v2\/pages\/2242\/revisions\/14310"}],"wp:attachment":[{"href":"https:\/\/visorti-group.com\/cs\/wp-json\/wp\/v2\/media?parent=2242"}],"curies":[{"name":"wp","href":"https:\/\/api.w.org\/{rel}","templated":true}]}}